{"id":29,"date":"2021-01-28T17:10:27","date_gmt":"2021-01-28T16:10:27","guid":{"rendered":"http:\/\/aetrex-europe.com\/?page_id=29"},"modified":"2021-03-16T15:52:33","modified_gmt":"2021-03-16T14:52:33","slug":"lynco-flips","status":"publish","type":"page","link":"https:\/\/aetrex-europe.com\/de\/producten\/lynco-flips\/","title":{"rendered":"Lynco dreht sich um"},"content":{"rendered":"<div data-elementor-type=\"wp-page\" data-elementor-id=\"29\" class=\"elementor elementor-29\" data-elementor-post-type=\"page\">\n\t\t\t\t\t\t<section class=\"elementor-section elementor-top-section elementor-element elementor-element-59a3a6b3 elementor-section-height-min-height elementor-section-boxed elementor-section-height-default elementor-section-items-middle elementor-invisible\" data-id=\"59a3a6b3\" data-element_type=\"section\" data-settings=\"{&quot;background_background&quot;:&quot;classic&quot;,&quot;animation&quot;:&quot;fadeInDown&quot;}\">\n\t\t\t\t\t\t\t<div class=\"elementor-background-overlay\"><\/div>\n\t\t\t\t\t\t\t<div class=\"elementor-container elementor-column-gap-default\">\n\t\t\t\t\t<div class=\"elementor-column elementor-col-100 elementor-top-column elementor-element elementor-element-2b733181\" data-id=\"2b733181\" data-element_type=\"column\">\n\t\t\t<div class=\"elementor-widget-wrap\">\n\t\t\t\t\t\t\t<\/div>\n\t\t<\/div>\n\t\t\t\t\t<\/div>\n\t\t<\/section>\n\t\t\t\t<section class=\"elementor-section elementor-top-section elementor-element elementor-element-70f917d elementor-section-boxed elementor-section-height-default elementor-section-height-default elementor-invisible\" data-id=\"70f917d\" data-element_type=\"section\" data-settings=\"{&quot;animation&quot;:&quot;fadeInUp&quot;,&quot;animation_delay&quot;:600}\">\n\t\t\t\t\t\t<div class=\"elementor-container elementor-column-gap-default\">\n\t\t\t\t\t<div class=\"elementor-column elementor-col-100 elementor-top-column elementor-element elementor-element-e97aa39\" data-id=\"e97aa39\" data-element_type=\"column\">\n\t\t\t<div class=\"elementor-widget-wrap elementor-element-populated\">\n\t\t\t\t\t\t<div class=\"elementor-element elementor-element-4f0983a elementor-widget elementor-widget-heading\" data-id=\"4f0983a\" data-element_type=\"widget\" data-widget_type=\"heading.default\">\n\t\t\t\t<div class=\"elementor-widget-container\">\n\t\t\t<h1 class=\"elementor-heading-title elementor-size-default\">Lynco dreht sich um<\/h1>\t\t<\/div>\n\t\t\t\t<\/div>\n\t\t\t\t\t<\/div>\n\t\t<\/div>\n\t\t\t\t\t<\/div>\n\t\t<\/section>\n\t\t\t\t<section class=\"elementor-section elementor-top-section elementor-element elementor-element-a07e3dc elementor-section-boxed elementor-section-height-default elementor-section-height-default elementor-invisible\" data-id=\"a07e3dc\" data-element_type=\"section\" data-settings=\"{&quot;animation&quot;:&quot;fadeInUp&quot;}\">\n\t\t\t\t\t\t<div class=\"elementor-container elementor-column-gap-default\">\n\t\t\t\t\t<div class=\"elementor-column elementor-col-100 elementor-top-column elementor-element elementor-element-72da283\" data-id=\"72da283\" data-element_type=\"column\">\n\t\t\t<div class=\"elementor-widget-wrap elementor-element-populated\">\n\t\t\t\t\t\t<div class=\"elementor-element elementor-element-7ec16d5 elementor-widget elementor-widget-heading\" data-id=\"7ec16d5\" data-element_type=\"widget\" data-widget_type=\"heading.default\">\n\t\t\t\t<div class=\"elementor-widget-container\">\n\t\t\t<h2 class=\"elementor-heading-title elementor-size-default\">Sortiment Lynco dreht sich um\n<\/h2>\t\t<\/div>\n\t\t\t\t<\/div>\n\t\t\t\t<div class=\"elementor-element elementor-element-7e1356e elementor-widget elementor-widget-text-editor\" data-id=\"7e1356e\" data-element_type=\"widget\" data-widget_type=\"text-editor.default\">\n\t\t\t\t<div class=\"elementor-widget-container\">\n\t\t\t\t\t\t\t\t\t\t\t<p>Aetrex Flips and Slides haben die Hauptmerkmale der Aetrex Orthesenlinie. Die Form ist in Bezug auf die Anatomie des Fu\u00dfes ausgerichtet, um die D\u00e4mpfung und Sto\u00dfd\u00e4mpfung f\u00fcr den gesamten Fu\u00df sicherzustellen. Das integrierte Lynco-Fu\u00dfbett ist strategisch platziert, um Pronation zu verhindern, Ihren K\u00f6rper in einer guten Ausrichtung zu halten und eine gute K\u00f6rperhaltung zu f\u00f6rdern. Ein weiches Kissen reduziert den Druck auf den Fu\u00dfballen und beugt Vorfu\u00dfbeschwerden vor, die h\u00e4ufig bei herk\u00f6mmlichen Hausschuhen und Slippern auftreten.<\/p>\n<p>Aetrex Flips and Slides bestehen aus UltraSKYTM mit EVA-Injektion f\u00fcr extreme D\u00e4mpfung, Sto\u00dfd\u00e4mpfung und Haltbarkeit. Und schlie\u00dflich ist der Zwischenzeheneinsatz - der sich in vielen Flip-Flops unangenehm anf\u00fchlt - speziell mit superweichem Schaumstoff ausgestattet, damit Ihre Zehen den ganzen Tag bequem bleiben. Mit Aetrex Flips and Slides f\u00fchlen Sie sich wie auf Wolken und genie\u00dfen das bequemste Schuherlebnis aller Zeiten.<\/p>\n<p>EIGENSCHAFTEN<\/p>\n<ul>\n<li>Strategisch platziertes, von Lynco patentiertes Fu\u00dfbett f\u00fcr Gleichgewicht und Ausrichtung<\/li>\n<li>Die Au\u00dfensohle mit doppelter Dichte bietet zus\u00e4tzliche D\u00e4mpfung<\/li>\n<li>Das weiche Mittelfu\u00dfkissen reduziert die Belastung des Vorfu\u00dfes<\/li>\n<li>Extra weicher Einsatz zwischen den Zehen f\u00fcr angenehmes Tragen<\/li>\n<li>Wasserfreundlich, so leicht, dass sie schweben<\/li>\n<\/ul> \t\t\t\t\t\t<\/div>\n\t\t\t\t<\/div>\n\t\t\t\t<div class=\"elementor-element elementor-element-c78c2e8 elementor-widget elementor-widget-image\" data-id=\"c78c2e8\" data-element_type=\"widget\" data-settings=\"{&quot;_animation&quot;:&quot;none&quot;}\" data-widget_type=\"image.default\">\n\t\t\t\t<div class=\"elementor-widget-container\">\n\t\t\t\t\t\t\t\t\t\t\t\t\t<img fetchpriority=\"high\" width=\"1477\" height=\"877\" src=\"https:\/\/aetrex-europe.com\/wp-content\/uploads\/2021\/02\/fiji-flips.jpg\" class=\"attachment-full size-full wp-image-1724\" alt=\"\" srcset=\"https:\/\/aetrex-europe.com\/wp-content\/uploads\/2021\/02\/fiji-flips.jpg 1477w, https:\/\/aetrex-europe.com\/wp-content\/uploads\/2021\/02\/fiji-flips-300x178.jpg 300w, https:\/\/aetrex-europe.com\/wp-content\/uploads\/2021\/02\/fiji-flips-1024x608.jpg 1024w, https:\/\/aetrex-europe.com\/wp-content\/uploads\/2021\/02\/fiji-flips-768x456.jpg 768w, https:\/\/aetrex-europe.com\/wp-content\/uploads\/2021\/02\/fiji-flips-18x12.jpg 18w, https:\/\/aetrex-europe.com\/wp-content\/uploads\/2021\/02\/fiji-flips-16x10.jpg 16w\" sizes=\"(max-width: 1477px) 100vw, 1477px\" \/>\t\t\t\t\t\t\t\t\t\t\t\t\t<\/div>\n\t\t\t\t<\/div>\n\t\t\t\t<div class=\"elementor-element elementor-element-53ff412 elementor-widget elementor-widget-image\" data-id=\"53ff412\" data-element_type=\"widget\" data-settings=\"{&quot;_animation&quot;:&quot;none&quot;}\" data-widget_type=\"image.default\">\n\t\t\t\t<div class=\"elementor-widget-container\">\n\t\t\t\t\t\t\t\t\t\t\t\t\t<img width=\"1561\" height=\"593\" src=\"https:\/\/aetrex-europe.com\/wp-content\/uploads\/2021\/02\/flips-theirs-ours.jpg\" class=\"attachment-full size-full wp-image-301\" alt=\"\" srcset=\"https:\/\/aetrex-europe.com\/wp-content\/uploads\/2021\/02\/flips-theirs-ours.jpg 1561w, https:\/\/aetrex-europe.com\/wp-content\/uploads\/2021\/02\/flips-theirs-ours-300x114.jpg 300w, https:\/\/aetrex-europe.com\/wp-content\/uploads\/2021\/02\/flips-theirs-ours-1024x389.jpg 1024w, https:\/\/aetrex-europe.com\/wp-content\/uploads\/2021\/02\/flips-theirs-ours-768x292.jpg 768w, https:\/\/aetrex-europe.com\/wp-content\/uploads\/2021\/02\/flips-theirs-ours-1536x584.jpg 1536w, https:\/\/aetrex-europe.com\/wp-content\/uploads\/2021\/02\/flips-theirs-ours-18x7.jpg 18w\" sizes=\"(max-width: 1561px) 100vw, 1561px\" \/>\t\t\t\t\t\t\t\t\t\t\t\t\t<\/div>\n\t\t\t\t<\/div>\n\t\t\t\t\t<\/div>\n\t\t<\/div>\n\t\t\t\t\t<\/div>\n\t\t<\/section>\n\t\t\t\t<section class=\"elementor-section elementor-top-section elementor-element elementor-element-32152a5 elementor-section-boxed elementor-section-height-default elementor-section-height-default elementor-invisible\" data-id=\"32152a5\" data-element_type=\"section\" data-settings=\"{&quot;animation&quot;:&quot;fadeInUp&quot;}\">\n\t\t\t\t\t\t<div class=\"elementor-container elementor-column-gap-default\">\n\t\t\t\t\t<div class=\"elementor-column elementor-col-100 elementor-top-column elementor-element elementor-element-5ce6f3c\" data-id=\"5ce6f3c\" data-element_type=\"column\">\n\t\t\t<div class=\"elementor-widget-wrap elementor-element-populated\">\n\t\t\t\t\t\t<div class=\"elementor-element elementor-element-1f8c04e elementor-widget elementor-widget-heading\" data-id=\"1f8c04e\" data-element_type=\"widget\" data-widget_type=\"heading.default\">\n\t\t\t\t<div class=\"elementor-widget-container\">\n\t\t\t<h3 class=\"elementor-heading-title elementor-size-default\"><font style=\"vertical-align: inherit;\"><font style=\"vertical-align: inherit;\"><font style=\"vertical-align: inherit;\"><font style=\"vertical-align: inherit;\">Fidschi<\/font><\/font><\/font><\/font><\/h3>\t\t<\/div>\n\t\t\t\t<\/div>\n\t\t\t\t<div class=\"elementor-element elementor-element-6492d44 elementor-arrows-position-inside elementor-pagination-position-outside elementor-widget elementor-widget-image-carousel\" data-id=\"6492d44\" data-element_type=\"widget\" data-settings=\"{&quot;slides_to_show&quot;:&quot;3&quot;,&quot;slides_to_scroll&quot;:&quot;3&quot;,&quot;navigation&quot;:&quot;both&quot;,&quot;autoplay&quot;:&quot;yes&quot;,&quot;pause_on_hover&quot;:&quot;yes&quot;,&quot;pause_on_interaction&quot;:&quot;yes&quot;,&quot;autoplay_speed&quot;:5000,&quot;infinite&quot;:&quot;yes&quot;,&quot;speed&quot;:500}\" data-widget_type=\"image-carousel.default\">\n\t\t\t\t<div class=\"elementor-widget-container\">\n\t\t\t\t\t<div class=\"elementor-image-carousel-wrapper swiper\" dir=\"ltr\">\n\t\t\t<div class=\"elementor-image-carousel swiper-wrapper\" aria-live=\"off\">\n\t\t\t\t\t\t\t\t<div class=\"swiper-slide\" role=\"group\" aria-roledescription=\"slide\" aria-label=\"1 von 7\"><figure class=\"swiper-slide-inner\"><img class=\"swiper-slide-image\" src=\"https:\/\/aetrex-europe.com\/wp-content\/uploads\/2021\/03\/Fiji-Aqua-Women-300x193.jpg\" alt=\"Fiji Aqua Women\" \/><\/figure><\/div><div class=\"swiper-slide\" role=\"group\" aria-roledescription=\"slide\" aria-label=\"2 von 7\"><figure class=\"swiper-slide-inner\"><img class=\"swiper-slide-image\" src=\"https:\/\/aetrex-europe.com\/wp-content\/uploads\/2021\/03\/Fiji-Black-Women-300x193.jpg\" alt=\"Fiji Black Women\" \/><\/figure><\/div><div class=\"swiper-slide\" role=\"group\" aria-roledescription=\"slide\" aria-label=\"3 von 7\"><figure class=\"swiper-slide-inner\"><img class=\"swiper-slide-image\" src=\"https:\/\/aetrex-europe.com\/wp-content\/uploads\/2021\/03\/Fiji-Blush-Women-300x193.jpg\" alt=\"Fiji Blush Women\" \/><\/figure><\/div><div class=\"swiper-slide\" role=\"group\" aria-roledescription=\"slide\" aria-label=\"4 von 7\"><figure class=\"swiper-slide-inner\"><img class=\"swiper-slide-image\" src=\"https:\/\/aetrex-europe.com\/wp-content\/uploads\/2021\/03\/Fiji-Grey-Women-300x193.jpg\" alt=\"Fiji Grey Women\" \/><\/figure><\/div><div class=\"swiper-slide\" role=\"group\" aria-roledescription=\"slide\" aria-label=\"5 von 7\"><figure class=\"swiper-slide-inner\"><img class=\"swiper-slide-image\" src=\"https:\/\/aetrex-europe.com\/wp-content\/uploads\/2021\/03\/Fiji-Navy-Women-300x193.jpg\" alt=\"Fiji Navy Women\" \/><\/figure><\/div><div class=\"swiper-slide\" role=\"group\" aria-roledescription=\"slide\" aria-label=\"6 von 7\"><figure class=\"swiper-slide-inner\"><img class=\"swiper-slide-image\" src=\"https:\/\/aetrex-europe.com\/wp-content\/uploads\/2021\/03\/Fiji-Watermelon-Women-300x193.jpg\" alt=\"Fiji Watermelon Women\" \/><\/figure><\/div><div class=\"swiper-slide\" role=\"group\" aria-roledescription=\"slide\" aria-label=\"7 von 7\"><figure class=\"swiper-slide-inner\"><img class=\"swiper-slide-image\" src=\"https:\/\/aetrex-europe.com\/wp-content\/uploads\/2021\/03\/Fiji-White-Women-300x193.jpg\" alt=\"Fiji White Women\" \/><\/figure><\/div>\t\t\t<\/div>\n\t\t\t\t\t\t\t\t\t\t\t\t<div class=\"elementor-swiper-button elementor-swiper-button-prev\" role=\"button\" tabindex=\"0\">\n\t\t\t\t\t\t<i aria-hidden=\"true\" class=\"eicon-chevron-left\"><\/i>\t\t\t\t\t<\/div>\n\t\t\t\t\t<div class=\"elementor-swiper-button elementor-swiper-button-next\" role=\"button\" tabindex=\"0\">\n\t\t\t\t\t\t<i aria-hidden=\"true\" class=\"eicon-chevron-right\"><\/i>\t\t\t\t\t<\/div>\n\t\t\t\t\n\t\t\t\t\t\t\t\t\t<div class=\"swiper-pagination\"><\/div>\n\t\t\t\t\t\t\t\t\t<\/div>\n\t\t\t\t<\/div>\n\t\t\t\t<\/div>\n\t\t\t\t\t<\/div>\n\t\t<\/div>\n\t\t\t\t\t<\/div>\n\t\t<\/section>\n\t\t\t\t<section class=\"elementor-section elementor-top-section elementor-element elementor-element-e0fda95 elementor-section-boxed elementor-section-height-default elementor-section-height-default elementor-invisible\" data-id=\"e0fda95\" data-element_type=\"section\" data-settings=\"{&quot;animation&quot;:&quot;fadeInUp&quot;}\">\n\t\t\t\t\t\t<div class=\"elementor-container elementor-column-gap-default\">\n\t\t\t\t\t<div class=\"elementor-column elementor-col-100 elementor-top-column elementor-element elementor-element-d1e2e88\" data-id=\"d1e2e88\" data-element_type=\"column\">\n\t\t\t<div class=\"elementor-widget-wrap elementor-element-populated\">\n\t\t\t\t\t\t<div class=\"elementor-element elementor-element-f1848d8 elementor-widget elementor-widget-heading\" data-id=\"f1848d8\" data-element_type=\"widget\" data-widget_type=\"heading.default\">\n\t\t\t\t<div class=\"elementor-widget-container\">\n\t\t\t<h3 class=\"elementor-heading-title elementor-size-default\"><font style=\"vertical-align: inherit;\"><font style=\"vertical-align: inherit;\">Bali<\/font><\/font><\/h3>\t\t<\/div>\n\t\t\t\t<\/div>\n\t\t\t\t<div class=\"elementor-element elementor-element-d6107fe elementor-arrows-position-inside elementor-pagination-position-outside elementor-widget elementor-widget-image-carousel\" data-id=\"d6107fe\" data-element_type=\"widget\" data-settings=\"{&quot;slides_to_show&quot;:&quot;3&quot;,&quot;slides_to_scroll&quot;:&quot;3&quot;,&quot;navigation&quot;:&quot;both&quot;,&quot;autoplay&quot;:&quot;yes&quot;,&quot;pause_on_hover&quot;:&quot;yes&quot;,&quot;pause_on_interaction&quot;:&quot;yes&quot;,&quot;autoplay_speed&quot;:5000,&quot;infinite&quot;:&quot;yes&quot;,&quot;speed&quot;:500}\" data-widget_type=\"image-carousel.default\">\n\t\t\t\t<div class=\"elementor-widget-container\">\n\t\t\t\t\t<div class=\"elementor-image-carousel-wrapper swiper\" dir=\"ltr\">\n\t\t\t<div class=\"elementor-image-carousel swiper-wrapper\" aria-live=\"off\">\n\t\t\t\t\t\t\t\t<div class=\"swiper-slide\" role=\"group\" aria-roledescription=\"slide\" aria-label=\"1 von 7\"><figure class=\"swiper-slide-inner\"><img class=\"swiper-slide-image\" src=\"https:\/\/aetrex-europe.com\/wp-content\/uploads\/2021\/03\/Bali-Slides-Black-Men-300x193.jpg\" alt=\"Bali Slides Black Men\" \/><\/figure><\/div><div class=\"swiper-slide\" role=\"group\" aria-roledescription=\"slide\" aria-label=\"2 von 7\"><figure class=\"swiper-slide-inner\"><img class=\"swiper-slide-image\" src=\"https:\/\/aetrex-europe.com\/wp-content\/uploads\/2021\/03\/Bali-Slides-Black-Women-300x193.jpg\" alt=\"Bali Slides Black Women\" \/><\/figure><\/div><div class=\"swiper-slide\" role=\"group\" aria-roledescription=\"slide\" aria-label=\"3 von 7\"><figure class=\"swiper-slide-inner\"><img class=\"swiper-slide-image\" src=\"https:\/\/aetrex-europe.com\/wp-content\/uploads\/2021\/03\/Bali-Slides-Blue-Women-300x193.jpg\" alt=\"Bali Slides Blue Women\" \/><\/figure><\/div><div class=\"swiper-slide\" role=\"group\" aria-roledescription=\"slide\" aria-label=\"4 von 7\"><figure class=\"swiper-slide-inner\"><img class=\"swiper-slide-image\" src=\"https:\/\/aetrex-europe.com\/wp-content\/uploads\/2021\/03\/Bali-Slides-Charcoal-Men-300x193.jpg\" alt=\"Bali Slides Charcoal Men\" \/><\/figure><\/div><div class=\"swiper-slide\" role=\"group\" aria-roledescription=\"slide\" aria-label=\"5 von 7\"><figure class=\"swiper-slide-inner\"><img class=\"swiper-slide-image\" src=\"https:\/\/aetrex-europe.com\/wp-content\/uploads\/2021\/03\/Bali-Slides-Grey-Women-300x193.jpg\" alt=\"Bali Slides Grey Women\" \/><\/figure><\/div><div class=\"swiper-slide\" role=\"group\" aria-roledescription=\"slide\" aria-label=\"6 von 7\"><figure class=\"swiper-slide-inner\"><img class=\"swiper-slide-image\" src=\"https:\/\/aetrex-europe.com\/wp-content\/uploads\/2021\/03\/Bali-Slides-Navy-Men-300x193.jpg\" alt=\"Bali Slides Navy Men\" \/><\/figure><\/div><div class=\"swiper-slide\" role=\"group\" aria-roledescription=\"slide\" aria-label=\"7 von 7\"><figure class=\"swiper-slide-inner\"><img class=\"swiper-slide-image\" src=\"https:\/\/aetrex-europe.com\/wp-content\/uploads\/2021\/03\/Bali-Slides-Watermelon-Women-300x193.jpg\" alt=\"Bali Slides Watermelon Women\" \/><\/figure><\/div>\t\t\t<\/div>\n\t\t\t\t\t\t\t\t\t\t\t\t<div class=\"elementor-swiper-button elementor-swiper-button-prev\" role=\"button\" tabindex=\"0\">\n\t\t\t\t\t\t<i aria-hidden=\"true\" class=\"eicon-chevron-left\"><\/i>\t\t\t\t\t<\/div>\n\t\t\t\t\t<div class=\"elementor-swiper-button elementor-swiper-button-next\" role=\"button\" tabindex=\"0\">\n\t\t\t\t\t\t<i aria-hidden=\"true\" class=\"eicon-chevron-right\"><\/i>\t\t\t\t\t<\/div>\n\t\t\t\t\n\t\t\t\t\t\t\t\t\t<div class=\"swiper-pagination\"><\/div>\n\t\t\t\t\t\t\t\t\t<\/div>\n\t\t\t\t<\/div>\n\t\t\t\t<\/div>\n\t\t\t\t\t<\/div>\n\t\t<\/div>\n\t\t\t\t\t<\/div>\n\t\t<\/section>\n\t\t\t\t<section class=\"elementor-section elementor-top-section elementor-element elementor-element-9e9a4de elementor-section-boxed elementor-section-height-default elementor-section-height-default elementor-invisible\" data-id=\"9e9a4de\" data-element_type=\"section\" data-settings=\"{&quot;animation&quot;:&quot;fadeInUp&quot;}\">\n\t\t\t\t\t\t<div class=\"elementor-container elementor-column-gap-default\">\n\t\t\t\t\t<div class=\"elementor-column elementor-col-100 elementor-top-column elementor-element elementor-element-36fa4a7\" data-id=\"36fa4a7\" data-element_type=\"column\">\n\t\t\t<div class=\"elementor-widget-wrap elementor-element-populated\">\n\t\t\t\t\t\t<div class=\"elementor-element elementor-element-375fd1f elementor-widget elementor-widget-heading\" data-id=\"375fd1f\" data-element_type=\"widget\" data-widget_type=\"heading.default\">\n\t\t\t\t<div class=\"elementor-widget-container\">\n\t\t\t<h3 class=\"elementor-heading-title elementor-size-default\"><font style=\"vertical-align: inherit;\"><font style=\"vertical-align: inherit;\"><font style=\"vertical-align: inherit;\"><font style=\"vertical-align: inherit;\">Maui<\/font><\/font><\/font><\/font><font style=\"vertical-align: inherit;\"><font style=\"vertical-align: inherit;\"><\/font><\/font><\/h3>\t\t<\/div>\n\t\t\t\t<\/div>\n\t\t\t\t<div class=\"elementor-element elementor-element-054375f elementor-arrows-position-inside elementor-pagination-position-outside elementor-widget elementor-widget-image-carousel\" data-id=\"054375f\" data-element_type=\"widget\" data-settings=\"{&quot;slides_to_show&quot;:&quot;3&quot;,&quot;slides_to_scroll&quot;:&quot;3&quot;,&quot;navigation&quot;:&quot;both&quot;,&quot;autoplay&quot;:&quot;yes&quot;,&quot;pause_on_hover&quot;:&quot;yes&quot;,&quot;pause_on_interaction&quot;:&quot;yes&quot;,&quot;autoplay_speed&quot;:5000,&quot;infinite&quot;:&quot;yes&quot;,&quot;speed&quot;:500}\" data-widget_type=\"image-carousel.default\">\n\t\t\t\t<div class=\"elementor-widget-container\">\n\t\t\t\t\t<div class=\"elementor-image-carousel-wrapper swiper\" dir=\"ltr\">\n\t\t\t<div class=\"elementor-image-carousel swiper-wrapper\" aria-live=\"off\">\n\t\t\t\t\t\t\t\t<div class=\"swiper-slide\" role=\"group\" aria-roledescription=\"slide\" aria-label=\"1 von 9\"><figure class=\"swiper-slide-inner\"><img class=\"swiper-slide-image\" src=\"https:\/\/aetrex-europe.com\/wp-content\/uploads\/2021\/03\/Maui-Glossy-Aqua-Women-300x200.jpg\" alt=\"Maui Glossy Aqua Women\" \/><\/figure><\/div><div class=\"swiper-slide\" role=\"group\" aria-roledescription=\"slide\" aria-label=\"2 von 9\"><figure class=\"swiper-slide-inner\"><img class=\"swiper-slide-image\" src=\"https:\/\/aetrex-europe.com\/wp-content\/uploads\/2021\/03\/Maui-Glossy-Lilac-Women-300x200.jpg\" alt=\"Maui Glossy Lilac Women\" \/><\/figure><\/div><div class=\"swiper-slide\" role=\"group\" aria-roledescription=\"slide\" aria-label=\"3 von 9\"><figure class=\"swiper-slide-inner\"><img class=\"swiper-slide-image\" src=\"https:\/\/aetrex-europe.com\/wp-content\/uploads\/2021\/03\/Maui-Glossy-Rose-Women-300x200.jpg\" alt=\"Maui Glossy Rose Women\" \/><\/figure><\/div><div class=\"swiper-slide\" role=\"group\" aria-roledescription=\"slide\" aria-label=\"4 von 9\"><figure class=\"swiper-slide-inner\"><img class=\"swiper-slide-image\" src=\"https:\/\/aetrex-europe.com\/wp-content\/uploads\/2021\/03\/Maui-Glossy-White-Women-300x200.jpg\" alt=\"Maui Glossy White Women\" \/><\/figure><\/div><div class=\"swiper-slide\" role=\"group\" aria-roledescription=\"slide\" aria-label=\"5 von 9\"><figure class=\"swiper-slide-inner\"><img class=\"swiper-slide-image\" src=\"https:\/\/aetrex-europe.com\/wp-content\/uploads\/2021\/03\/Maui-Matte-Black-Men-300x193.jpg\" alt=\"Maui Matte Black Men\" \/><\/figure><\/div><div class=\"swiper-slide\" role=\"group\" aria-roledescription=\"slide\" aria-label=\"6 von 9\"><figure class=\"swiper-slide-inner\"><img class=\"swiper-slide-image\" src=\"https:\/\/aetrex-europe.com\/wp-content\/uploads\/2021\/03\/Maui-Matte-Black-Women-300x200.jpg\" alt=\"Maui Matte Black Women\" \/><\/figure><\/div><div class=\"swiper-slide\" role=\"group\" aria-roledescription=\"slide\" aria-label=\"7 von 9\"><figure class=\"swiper-slide-inner\"><img class=\"swiper-slide-image\" src=\"https:\/\/aetrex-europe.com\/wp-content\/uploads\/2021\/03\/Maui-Matte-Charcoal-Men-300x193.jpg\" alt=\"Maui Matte Charcoal Men\" \/><\/figure><\/div><div class=\"swiper-slide\" role=\"group\" aria-roledescription=\"slide\" aria-label=\"8 von 9\"><figure class=\"swiper-slide-inner\"><img class=\"swiper-slide-image\" src=\"https:\/\/aetrex-europe.com\/wp-content\/uploads\/2021\/03\/Maui-Matte-Grey-Women-300x200.jpg\" alt=\"Maui Matte Grey Women\" \/><\/figure><\/div><div class=\"swiper-slide\" role=\"group\" aria-roledescription=\"slide\" aria-label=\"9 von 9\"><figure class=\"swiper-slide-inner\"><img class=\"swiper-slide-image\" src=\"https:\/\/aetrex-europe.com\/wp-content\/uploads\/2021\/03\/Maui-Matte-Navy-Men-300x193.jpg\" alt=\"Maui Matte Navy Men\" \/><\/figure><\/div>\t\t\t<\/div>\n\t\t\t\t\t\t\t\t\t\t\t\t<div class=\"elementor-swiper-button elementor-swiper-button-prev\" role=\"button\" tabindex=\"0\">\n\t\t\t\t\t\t<i aria-hidden=\"true\" class=\"eicon-chevron-left\"><\/i>\t\t\t\t\t<\/div>\n\t\t\t\t\t<div class=\"elementor-swiper-button elementor-swiper-button-next\" role=\"button\" tabindex=\"0\">\n\t\t\t\t\t\t<i aria-hidden=\"true\" class=\"eicon-chevron-right\"><\/i>\t\t\t\t\t<\/div>\n\t\t\t\t\n\t\t\t\t\t\t\t\t\t<div class=\"swiper-pagination\"><\/div>\n\t\t\t\t\t\t\t\t\t<\/div>\n\t\t\t\t<\/div>\n\t\t\t\t<\/div>\n\t\t\t\t\t<\/div>\n\t\t<\/div>\n\t\t\t\t\t<\/div>\n\t\t<\/section>\n\t\t\t\t<section class=\"elementor-section elementor-top-section elementor-element elementor-element-36f7fe9 elementor-section-boxed elementor-section-height-default elementor-section-height-default\" data-id=\"36f7fe9\" data-element_type=\"section\">\n\t\t\t\t\t\t<div class=\"elementor-container elementor-column-gap-default\">\n\t\t\t\t\t<div class=\"elementor-column elementor-col-100 elementor-top-column elementor-element elementor-element-bc7fa8d\" data-id=\"bc7fa8d\" data-element_type=\"column\">\n\t\t\t<div class=\"elementor-widget-wrap elementor-element-populated\">\n\t\t\t\t\t\t<div class=\"elementor-element elementor-element-213d024 elementor-invisible elementor-widget elementor-widget-button\" data-id=\"213d024\" data-element_type=\"widget\" data-settings=\"{&quot;_animation&quot;:&quot;fadeInRight&quot;}\" data-widget_type=\"button.default\">\n\t\t\t\t<div class=\"elementor-widget-container\">\n\t\t\t\t\t<div class=\"elementor-button-wrapper\">\n\t\t\t<a class=\"elementor-button elementor-button-link elementor-size-sm\" href=\"https:\/\/aetrex-europe.com\/de\/\">\n\t\t\t\t\t\t<span class=\"elementor-button-content-wrapper\">\n\t\t\t\t\t\t<span class=\"elementor-button-icon\">\n\t\t\t\t<i aria-hidden=\"true\" class=\"fas fa-arrow-left\"><\/i>\t\t\t<\/span>\n\t\t\t\t\t\t\t\t\t<span class=\"elementor-button-text\"> Geh zur\u00fcck<\/span>\n\t\t\t\t\t<\/span>\n\t\t\t\t\t<\/a>\n\t\t<\/div>\n\t\t\t\t<\/div>\n\t\t\t\t<\/div>\n\t\t\t\t\t<\/div>\n\t\t<\/div>\n\t\t\t\t\t<\/div>\n\t\t<\/section>\n\t\t\t\t<\/div>","protected":false},"excerpt":{"rendered":"<p>Lynco flips Assortiment Lynco flips Aetrex Flips en Slides beschikken over de belangrijkste kenmerken van de orthotische lijn van Aetrex. De vorm is uitgelijnd in relatie tot de anatomie van de voet om demping en schokabsorptie voor de gehele voet te garanderen. Het ge\u00efntegreerde Lynco-voetbed is strategisch geplaatst om pronatie te voorkomen, uw lichaam goed [&hellip;]<\/p>\n","protected":false},"author":3,"featured_media":0,"parent":18,"menu_order":0,"comment_status":"closed","ping_status":"closed","template":"elementor_header_footer","meta":[],"_links":{"self":[{"href":"https:\/\/aetrex-europe.com\/de\/wp-json\/wp\/v2\/pages\/29"}],"collection":[{"href":"https:\/\/aetrex-europe.com\/de\/wp-json\/wp\/v2\/pages"}],"about":[{"href":"https:\/\/aetrex-europe.com\/de\/wp-json\/wp\/v2\/types\/page"}],"author":[{"embeddable":true,"href":"https:\/\/aetrex-europe.com\/de\/wp-json\/wp\/v2\/users\/3"}],"replies":[{"embeddable":true,"href":"https:\/\/aetrex-europe.com\/de\/wp-json\/wp\/v2\/comments?post=29"}],"version-history":[{"count":94,"href":"https:\/\/aetrex-europe.com\/de\/wp-json\/wp\/v2\/pages\/29\/revisions"}],"predecessor-version":[{"id":1880,"href":"https:\/\/aetrex-europe.com\/de\/wp-json\/wp\/v2\/pages\/29\/revisions\/1880"}],"up":[{"embeddable":true,"href":"https:\/\/aetrex-europe.com\/de\/wp-json\/wp\/v2\/pages\/18"}],"wp:attachment":[{"href":"https:\/\/aetrex-europe.com\/de\/wp-json\/wp\/v2\/media?parent=29"}],"curies":[{"name":"wp","href":"https:\/\/api.w.org\/{rel}","templated":true}]}}