{"id":24,"date":"2021-01-28T17:09:03","date_gmt":"2021-01-28T16:09:03","guid":{"rendered":"http:\/\/aetrex-europe.com\/?page_id=24"},"modified":"2021-05-25T14:43:33","modified_gmt":"2021-05-25T12:43:33","slug":"voetscanners","status":"publish","type":"page","link":"https:\/\/aetrex-europe.com\/de\/producten\/voetscanners\/","title":{"rendered":"Fu\u00dfscanner"},"content":{"rendered":"<div data-elementor-type=\"wp-page\" data-elementor-id=\"24\" class=\"elementor elementor-24\" data-elementor-post-type=\"page\">\n\t\t\t\t\t\t<section class=\"elementor-section elementor-top-section elementor-element elementor-element-774ba6f3 elementor-section-height-min-height elementor-section-full_width herosection elementor-section-height-default elementor-section-items-middle elementor-invisible\" data-id=\"774ba6f3\" data-element_type=\"section\" data-settings=\"{&quot;background_background&quot;:&quot;video&quot;,&quot;animation&quot;:&quot;fadeInDown&quot;,&quot;animation_delay&quot;:100,&quot;animation_mobile&quot;:&quot;fadeInDown&quot;,&quot;background_video_link&quot;:&quot;https:\\\/\\\/vimeo.com\\\/471733146&quot;,&quot;background_play_on_mobile&quot;:&quot;yes&quot;}\">\n\t\t\t\t\t\t\t\t<div class=\"elementor-background-video-container\">\n\t\t\t\t\t\t\t\t\t\t\t\t\t<div class=\"elementor-background-video-embed\"><\/div>\n\t\t\t\t\t\t\t\t\t\t\t\t<\/div>\n\t\t\t\t\t\t\t\t\t<div class=\"elementor-background-overlay\"><\/div>\n\t\t\t\t\t\t\t<div class=\"elementor-container elementor-column-gap-default\">\n\t\t\t\t\t<div class=\"elementor-column elementor-col-100 elementor-top-column elementor-element elementor-element-6043d6e1\" data-id=\"6043d6e1\" data-element_type=\"column\">\n\t\t\t<div class=\"elementor-widget-wrap\">\n\t\t\t\t\t\t\t<\/div>\n\t\t<\/div>\n\t\t\t\t\t<\/div>\n\t\t<\/section>\n\t\t\t\t<section class=\"elementor-section elementor-top-section elementor-element elementor-element-56f32ef elementor-section-height-min-height elementor-section-full_width herosection elementor-section-height-default elementor-section-items-middle elementor-invisible\" data-id=\"56f32ef\" data-element_type=\"section\" data-settings=\"{&quot;background_background&quot;:&quot;video&quot;,&quot;animation&quot;:&quot;fadeInDown&quot;,&quot;animation_delay&quot;:100,&quot;animation_mobile&quot;:&quot;fadeInDown&quot;,&quot;background_play_on_mobile&quot;:&quot;yes&quot;}\">\n\t\t\t\t\t\t\t<div class=\"elementor-background-overlay\"><\/div>\n\t\t\t\t\t\t\t<div class=\"elementor-container elementor-column-gap-default\">\n\t\t\t\t\t<div class=\"elementor-column elementor-col-100 elementor-top-column elementor-element elementor-element-c961f4b\" data-id=\"c961f4b\" data-element_type=\"column\">\n\t\t\t<div class=\"elementor-widget-wrap elementor-element-populated\">\n\t\t\t\t\t\t<div class=\"elementor-element elementor-element-32e75d4 elementor-absolute elementor-view-default elementor-widget elementor-widget-icon\" data-id=\"32e75d4\" data-element_type=\"widget\" data-settings=\"{&quot;_position&quot;:&quot;absolute&quot;}\" data-widget_type=\"icon.default\">\n\t\t\t\t<div class=\"elementor-widget-container\">\n\t\t\t\t\t<div class=\"elementor-icon-wrapper\">\n\t\t\t<div class=\"elementor-icon\">\n\t\t\t<i aria-hidden=\"true\" class=\"fas fa-volume-mute\"><\/i>\t\t\t<\/div>\n\t\t<\/div>\n\t\t\t\t<\/div>\n\t\t\t\t<\/div>\n\t\t\t\t<div class=\"elementor-element elementor-element-62c013e elementor-absolute elementor-widget elementor-widget-html\" data-id=\"62c013e\" data-element_type=\"widget\" data-settings=\"{&quot;_position&quot;:&quot;absolute&quot;}\" data-widget_type=\"html.default\">\n\t\t\t\t<div class=\"elementor-widget-container\">\n\t\t\t<script>\r\ndocument.addEventListener('DOMContentLoaded', function() {\r\nvar toggleSoundButton = document.querySelector('.fa-volume-mute');\r\nvar heroBackgroundVideo = document.querySelector('.herosection video');\r\ntoggleSoundButton.addEventListener('click', function (event) {\r\n\r\nif (heroBackgroundVideo.muted !== false){\r\nheroBackgroundVideo.muted=false;\r\ntoggleSoundButton.classList.add('fa-volume-up');\r\n} else {\r\nheroBackgroundVideo.muted=true;\r\ntoggleSoundButton.classList.remove('fa-volume-up');\r\n} }); });\r\n<\/script>\t\t<\/div>\n\t\t\t\t<\/div>\n\t\t\t\t<div class=\"elementor-element elementor-element-ba23cbf elementor-widget elementor-widget-video\" data-id=\"ba23cbf\" data-element_type=\"widget\" data-settings=\"{&quot;video_type&quot;:&quot;hosted&quot;,&quot;start&quot;:10,&quot;autoplay&quot;:&quot;yes&quot;,&quot;play_on_mobile&quot;:&quot;yes&quot;,&quot;loop&quot;:&quot;yes&quot;}\" data-widget_type=\"video.default\">\n\t\t\t\t<div class=\"elementor-widget-container\">\n\t\t\t\t\t<div class=\"e-hosted-video elementor-wrapper elementor-open-inline\">\n\t\t\t\t\t<video class=\"elementor-video\" src=\"https:\/\/aetrex-europe.com\/wp-content\/uploads\/2021\/03\/2103576976.mp4#t=10\" autoplay=\"\" loop=\"\" playsinline=\"\" controlslist=\"nodownload\"><\/video>\n\t\t\t\t<\/div>\n\t\t\t\t<\/div>\n\t\t\t\t<\/div>\n\t\t\t\t\t<\/div>\n\t\t<\/div>\n\t\t\t\t\t<\/div>\n\t\t<\/section>\n\t\t\t\t<section class=\"elementor-section elementor-top-section elementor-element elementor-element-107f3ee4 animated-fast elementor-section-boxed elementor-section-height-default elementor-section-height-default elementor-invisible\" data-id=\"107f3ee4\" data-element_type=\"section\" data-settings=\"{&quot;animation&quot;:&quot;fadeInDown&quot;,&quot;animation_delay&quot;:0}\">\n\t\t\t\t\t\t<div class=\"elementor-container elementor-column-gap-default\">\n\t\t\t\t\t<div class=\"elementor-column elementor-col-100 elementor-top-column elementor-element elementor-element-78c5240c\" data-id=\"78c5240c\" data-element_type=\"column\">\n\t\t\t<div class=\"elementor-widget-wrap elementor-element-populated\">\n\t\t\t\t\t\t<div class=\"elementor-element elementor-element-77141285 elementor-invisible elementor-widget elementor-widget-heading\" data-id=\"77141285\" data-element_type=\"widget\" data-settings=\"{&quot;_animation&quot;:&quot;fadeInUp&quot;,&quot;_animation_delay&quot;:400,&quot;_animation_mobile&quot;:&quot;fadeInUp&quot;}\" data-widget_type=\"heading.default\">\n\t\t\t\t<div class=\"elementor-widget-container\">\n\t\t\t<h1 class=\"elementor-heading-title elementor-size-default\">Fu\u00dfscanner<\/h1>\t\t<\/div>\n\t\t\t\t<\/div>\n\t\t\t\t\t<\/div>\n\t\t<\/div>\n\t\t\t\t\t<\/div>\n\t\t<\/section>\n\t\t\t\t<section class=\"elementor-section elementor-top-section elementor-element elementor-element-610e4ae elementor-section-boxed elementor-section-height-default elementor-section-height-default elementor-invisible\" data-id=\"610e4ae\" data-element_type=\"section\" data-settings=\"{&quot;animation&quot;:&quot;fadeInUp&quot;,&quot;animation_mobile&quot;:&quot;fadeInUp&quot;}\">\n\t\t\t\t\t\t<div class=\"elementor-container elementor-column-gap-default\">\n\t\t\t\t\t<div class=\"elementor-column elementor-col-100 elementor-top-column elementor-element elementor-element-c625e79\" data-id=\"c625e79\" data-element_type=\"column\">\n\t\t\t<div class=\"elementor-widget-wrap elementor-element-populated\">\n\t\t\t\t\t\t<div class=\"elementor-element elementor-element-8f280a5 elementor-widget elementor-widget-heading\" data-id=\"8f280a5\" data-element_type=\"widget\" data-widget_type=\"heading.default\">\n\t\t\t\t<div class=\"elementor-widget-container\">\n\t\t\t<h2 class=\"elementor-heading-title elementor-size-default\">Sortiment Fu\u00dfscanner<\/h2>\t\t<\/div>\n\t\t\t\t<\/div>\n\t\t\t\t<div class=\"elementor-element elementor-element-dddbb28 elementor-widget elementor-widget-text-editor\" data-id=\"dddbb28\" data-element_type=\"widget\" data-widget_type=\"text-editor.default\">\n\t\t\t\t<div class=\"elementor-widget-container\">\n\t\t\t\t\t\t\t<p>Die digitale Fu\u00dfmessung im Schuhgesch\u00e4ft tr\u00e4gt wesentlich zum Einkaufserlebnis der Verbraucher bei. Aetrex bietet mehrere Scanner an. Unterschiedlich in Messung, Technologie, Design und Preis. Alle Fu\u00dfscanner sind f\u00fcr eine Einzelhandelsumgebung konzipiert und zielen darauf ab, das Kundenerlebnis zu verbessern und Verkaufschancen zu schaffen. Ein Scan f\u00fchrt schlie\u00dflich zu ma\u00dfgeschneiderten Ratschl\u00e4gen f\u00fcr Schuhe und Komfort-Einlegesohlen. Finden Sie heraus, welcher Fu\u00dfscanner in Ihrem Gesch\u00e4ft am besten funktioniert.<\/p>\t\t\t\t\t\t<\/div>\n\t\t\t\t<\/div>\n\t\t\t\t\t<\/div>\n\t\t<\/div>\n\t\t\t\t\t<\/div>\n\t\t<\/section>\n\t\t\t\t<section class=\"elementor-section elementor-top-section elementor-element elementor-element-e83b8e2 elementor-section-boxed elementor-section-height-default elementor-section-height-default elementor-invisible\" data-id=\"e83b8e2\" data-element_type=\"section\" data-settings=\"{&quot;animation&quot;:&quot;fadeInUp&quot;,&quot;animation_mobile&quot;:&quot;fadeInUp&quot;}\">\n\t\t\t\t\t\t<div class=\"elementor-container elementor-column-gap-default\">\n\t\t\t\t\t<div class=\"elementor-column elementor-col-50 elementor-top-column elementor-element elementor-element-f7bad9f\" data-id=\"f7bad9f\" data-element_type=\"column\" data-settings=\"{&quot;background_background&quot;:&quot;classic&quot;}\">\n\t\t\t<div class=\"elementor-widget-wrap elementor-element-populated\">\n\t\t\t\t\t\t<div class=\"elementor-element elementor-element-2352412 elementor-widget elementor-widget-image\" data-id=\"2352412\" data-element_type=\"widget\" data-widget_type=\"image.default\">\n\t\t\t\t<div class=\"elementor-widget-container\">\n\t\t\t\t\t\t\t\t\t\t\t\t\t<img fetchpriority=\"high\" width=\"600\" height=\"322\" src=\"https:\/\/aetrex-europe.com\/wp-content\/uploads\/2021\/02\/albert_scanner_open.jpg\" class=\"attachment-large size-large wp-image-1423\" alt=\"\" srcset=\"https:\/\/aetrex-europe.com\/wp-content\/uploads\/2021\/02\/albert_scanner_open.jpg 600w, https:\/\/aetrex-europe.com\/wp-content\/uploads\/2021\/02\/albert_scanner_open-300x161.jpg 300w, https:\/\/aetrex-europe.com\/wp-content\/uploads\/2021\/02\/albert_scanner_open-18x10.jpg 18w\" sizes=\"(max-width: 600px) 100vw, 600px\" \/>\t\t\t\t\t\t\t\t\t\t\t\t\t<\/div>\n\t\t\t\t<\/div>\n\t\t\t\t<div class=\"elementor-element elementor-element-2983f97 elementor-widget elementor-widget-text-editor\" data-id=\"2983f97\" data-element_type=\"widget\" data-widget_type=\"text-editor.default\">\n\t\t\t\t<div class=\"elementor-widget-container\">\n\t\t\t\t\t\t\t<div style=\"padding: 3px;\"><h3>Fu\u00dfscanner Albert 2<\/h3><p><span lang=\"nl\"><span data-language-for-alternatives=\"nl\" data-language-to-translate-into=\"auto\" data-phrase-index=\"0\"><b>Albert 2 <\/b>erfasst beispiellose Daten und Informationen zu F\u00fc\u00dfen und erm\u00f6glicht Einzelh\u00e4ndlern und Verbrauchern fundiertere Kaufentscheidungen beim Kauf von Schuhen und Orthesen.<\/span><\/span><\/p><p><span lang=\"nl\"><span data-language-for-alternatives=\"nl\" data-language-to-translate-into=\"auto\" data-phrase-index=\"1\">Mit <b>4 Intel\u00ae RealSense \u2122<\/b> Tiefenkameras und 5.184 vergoldete Sensoren <b>Albert 2<\/b> Das bislang fortschrittlichste interaktive Fu\u00dfscan-Erlebnis im Gesch\u00e4ft.<\/span><\/span><\/p><p><span lang=\"nl\"><span data-language-for-alternatives=\"nl\" data-language-to-translate-into=\"auto\" data-phrase-index=\"1\"><span class=\"VIiyi\" lang=\"nl\"><span class=\"JLqJ4b ChMk0b\" data-language-for-alternatives=\"nl\" data-language-to-translate-into=\"auto\" data-phrase-index=\"0\">Der Scanner wird mit attraktiven Leasingl\u00f6sungen angeboten.<\/span><\/span><br \/><\/span><\/span><\/p><\/div>\t\t\t\t\t\t<\/div>\n\t\t\t\t<\/div>\n\t\t\t\t\t<\/div>\n\t\t<\/div>\n\t\t\t\t<div class=\"elementor-column elementor-col-50 elementor-top-column elementor-element elementor-element-24f7810\" data-id=\"24f7810\" data-element_type=\"column\" data-settings=\"{&quot;background_background&quot;:&quot;classic&quot;}\">\n\t\t\t<div class=\"elementor-widget-wrap elementor-element-populated\">\n\t\t\t\t\t\t<div class=\"elementor-element elementor-element-e7afa59 elementor-widget elementor-widget-image\" data-id=\"e7afa59\" data-element_type=\"widget\" data-widget_type=\"image.default\">\n\t\t\t\t<div class=\"elementor-widget-container\">\n\t\t\t\t\t\t\t\t\t\t\t\t\t<img width=\"800\" height=\"407\" src=\"https:\/\/aetrex-europe.com\/wp-content\/uploads\/2021\/02\/gaitway_angle-2-1024x521.jpg\" class=\"attachment-large size-large wp-image-810\" alt=\"\" srcset=\"https:\/\/aetrex-europe.com\/wp-content\/uploads\/2021\/02\/gaitway_angle-2-1024x521.jpg 1024w, https:\/\/aetrex-europe.com\/wp-content\/uploads\/2021\/02\/gaitway_angle-2-300x153.jpg 300w, https:\/\/aetrex-europe.com\/wp-content\/uploads\/2021\/02\/gaitway_angle-2-768x390.jpg 768w, https:\/\/aetrex-europe.com\/wp-content\/uploads\/2021\/02\/gaitway_angle-2-18x9.jpg 18w, https:\/\/aetrex-europe.com\/wp-content\/uploads\/2021\/02\/gaitway_angle-2.jpg 1200w\" sizes=\"(max-width: 800px) 100vw, 800px\" \/>\t\t\t\t\t\t\t\t\t\t\t\t\t<\/div>\n\t\t\t\t<\/div>\n\t\t\t\t<div class=\"elementor-element elementor-element-915340a elementor-widget elementor-widget-text-editor\" data-id=\"915340a\" data-element_type=\"widget\" data-widget_type=\"text-editor.default\">\n\t\t\t\t<div class=\"elementor-widget-container\">\n\t\t\t\t\t\t\t<div style=\"padding: 3px;\"><h3>Fu\u00dfscanner Gaitway<\/h3><p>\u00a0<\/p><p><strong>Gaitway<\/strong>\u2122 Scanner verwendet das aktualisierte Albert \u2122 OS-Softwarepaket. Das <strong>Gaitway<\/strong>\u2122 sammelt mit mehr als 5.000 vergoldeten Luftdrucksensoren Informationen \u00fcber die Druckbelastung der F\u00fc\u00dfe. Der Scanner wird mit zwei mobilen Seitenw\u00e4nden geliefert.<\/p><p><strong>Gaitway<\/strong>\u2122 sammelt Druckdaten mit einer beispiellosen Geschwindigkeit von 30 Bildern pro Sekunde. Sowohl bei dynamischen als auch bei statischen Druckpr\u00fcfungen wird die <strong>Gaitway<\/strong>\u2122 eine authentische Benutzererfahrung, die online ihresgleichen sucht. Mit ma\u00dfgeschneiderten Ratschl\u00e4gen bieten Sie den Verbrauchern Komfort und geben ihnen das Vertrauen in ihre eigenen F\u00fc\u00dfe zur\u00fcck. Sie k\u00f6nnen den digital erstellten Scan an den Verbraucher senden und so Wiederholungsk\u00e4ufe anregen.<\/p><p><span class=\"VIiyi\" lang=\"nl\">Der Scanner wird mit attraktiven Leasingl\u00f6sungen angeboten.<\/span><\/p><p>\u00a0<\/p><\/div>\t\t\t\t\t\t<\/div>\n\t\t\t\t<\/div>\n\t\t\t\t\t<\/div>\n\t\t<\/div>\n\t\t\t\t\t<\/div>\n\t\t<\/section>\n\t\t\t\t<section class=\"elementor-section elementor-top-section elementor-element elementor-element-bb89356 elementor-hidden-desktop elementor-hidden-tablet elementor-hidden-phone elementor-section-boxed elementor-section-height-default elementor-section-height-default elementor-invisible\" data-id=\"bb89356\" data-element_type=\"section\" data-settings=\"{&quot;animation&quot;:&quot;fadeInUp&quot;,&quot;animation_mobile&quot;:&quot;fadeInUp&quot;}\">\n\t\t\t\t\t\t<div class=\"elementor-container elementor-column-gap-default\">\n\t\t\t\t\t<div class=\"elementor-column elementor-col-50 elementor-top-column elementor-element elementor-element-6f83f55\" data-id=\"6f83f55\" data-element_type=\"column\" data-settings=\"{&quot;background_background&quot;:&quot;classic&quot;}\">\n\t\t\t<div class=\"elementor-widget-wrap elementor-element-populated\">\n\t\t\t\t\t\t<div class=\"elementor-element elementor-element-7578334 elementor-widget elementor-widget-image\" data-id=\"7578334\" data-element_type=\"widget\" data-widget_type=\"image.default\">\n\t\t\t\t<div class=\"elementor-widget-container\">\n\t\t\t\t\t\t\t\t\t\t\t\t\t<img width=\"800\" height=\"407\" src=\"https:\/\/aetrex-europe.com\/wp-content\/uploads\/2021\/02\/scanner-nova-1024x521.jpg\" class=\"attachment-large size-large wp-image-811\" alt=\"\" srcset=\"https:\/\/aetrex-europe.com\/wp-content\/uploads\/2021\/02\/scanner-nova-1024x521.jpg 1024w, https:\/\/aetrex-europe.com\/wp-content\/uploads\/2021\/02\/scanner-nova-300x153.jpg 300w, https:\/\/aetrex-europe.com\/wp-content\/uploads\/2021\/02\/scanner-nova-768x390.jpg 768w, https:\/\/aetrex-europe.com\/wp-content\/uploads\/2021\/02\/scanner-nova-18x9.jpg 18w, https:\/\/aetrex-europe.com\/wp-content\/uploads\/2021\/02\/scanner-nova.jpg 1200w\" sizes=\"(max-width: 800px) 100vw, 800px\" \/>\t\t\t\t\t\t\t\t\t\t\t\t\t<\/div>\n\t\t\t\t<\/div>\n\t\t\t\t<div class=\"elementor-element elementor-element-ed5913e elementor-widget elementor-widget-text-editor\" data-id=\"ed5913e\" data-element_type=\"widget\" data-widget_type=\"text-editor.default\">\n\t\t\t\t<div class=\"elementor-widget-container\">\n\t\t\t\t\t\t\t<div style=\"padding: 3px;\">\n<h3>Fu\u00dfscanner Nova <\/h3>\n\t\t\t\t\t\t\t<p><\/p><p>Das&nbsp;<strong>Nova<\/strong>\u2122 Fu\u00dfscanner bietet eine Druckmessung und genaue L\u00e4ngen- und Breitenmessung der F\u00fc\u00dfe. Hierf\u00fcr sind keine leitf\u00e4higen Gummimatten erforderlich. Diese patentierte drahtlose Technologie verwendet 3.744 vergoldete Luftdrucksensoren, die alle 0,25 cm den vom Fu\u00df ausge\u00fcbten Druck messen.<sup>2<\/sup> \u00dcbungen. Mit 1.326 Infrarot-LEDs ist die <strong>Nova<\/strong>\u2122 in der Breite und L\u00e4nge des Fu\u00dfes in einer Aktion.<\/p>\n<p>Mit ma\u00dfgeschneiderten Ratschl\u00e4gen bieten Sie den Verbrauchern Komfort und geben ihnen das Vertrauen in ihre eigenen F\u00fc\u00dfe zur\u00fcck. Sie k\u00f6nnen den digital erstellten Scan an den Verbraucher senden und so Wiederholungsk\u00e4ufe anregen. Das <strong>Nova<\/strong>\u2122 ist ein wundersch\u00f6n gestalteter, kompakter Fu\u00dfscanner, der wenig Platz ben\u00f6tigt.<\/p>\n<p><\/p>\n\n<\/div>\t\t\t\t\t\t<\/div>\n\t\t\t\t<\/div>\n\t\t\t\t\t<\/div>\n\t\t<\/div>\n\t\t\t\t<div class=\"elementor-column elementor-col-50 elementor-top-column elementor-element elementor-element-d71bae9\" data-id=\"d71bae9\" data-element_type=\"column\" data-settings=\"{&quot;background_background&quot;:&quot;classic&quot;}\">\n\t\t\t<div class=\"elementor-widget-wrap elementor-element-populated\">\n\t\t\t\t\t\t<div class=\"elementor-element elementor-element-128b165 elementor-widget elementor-widget-image\" data-id=\"128b165\" data-element_type=\"widget\" data-widget_type=\"image.default\">\n\t\t\t\t<div class=\"elementor-widget-container\">\n\t\t\t\t\t\t\t\t\t\t\t\t\t<img loading=\"lazy\" width=\"800\" height=\"407\" src=\"https:\/\/aetrex-europe.com\/wp-content\/uploads\/2021\/02\/voetscanner-eclipse-1-1024x521.jpg\" class=\"attachment-large size-large wp-image-812\" alt=\"\" srcset=\"https:\/\/aetrex-europe.com\/wp-content\/uploads\/2021\/02\/voetscanner-eclipse-1-1024x521.jpg 1024w, https:\/\/aetrex-europe.com\/wp-content\/uploads\/2021\/02\/voetscanner-eclipse-1-300x153.jpg 300w, https:\/\/aetrex-europe.com\/wp-content\/uploads\/2021\/02\/voetscanner-eclipse-1-768x390.jpg 768w, https:\/\/aetrex-europe.com\/wp-content\/uploads\/2021\/02\/voetscanner-eclipse-1-18x9.jpg 18w, https:\/\/aetrex-europe.com\/wp-content\/uploads\/2021\/02\/voetscanner-eclipse-1.jpg 1200w\" sizes=\"(max-width: 800px) 100vw, 800px\" \/>\t\t\t\t\t\t\t\t\t\t\t\t\t<\/div>\n\t\t\t\t<\/div>\n\t\t\t\t<div class=\"elementor-element elementor-element-d2388c2 elementor-widget elementor-widget-text-editor\" data-id=\"d2388c2\" data-element_type=\"widget\" data-widget_type=\"text-editor.default\">\n\t\t\t\t<div class=\"elementor-widget-container\">\n\t\t\t\t\t\t\t<div style=\"padding: 3px;\">\n<h3>Fu\u00dfscanner Eclipse <\/h3>\n\t\t\t\t\t\t\t<p><\/p><p>Das <strong>Finsternis<\/strong>\u2122 ist ein sehr genauer Druckanalysescanner. Hierf\u00fcr sind keine leitf\u00e4higen Gummimatten erforderlich. Diese patentierte drahtlose Technologie verwendet 3.744 vergoldete Luftdrucksensoren, die alle 0,25 cm den vom Fu\u00df ausge\u00fcbten Druck messen.<sup>2<\/sup> \u00dcbungen. Schuhe und Komfort-Einlegesohlen, die der einzigartigen Druckbelastung der F\u00fc\u00dfe des Verbrauchers entsprechen, f\u00f6rdern einen gesunden Gang und helfen, zuk\u00fcnftige Beschwerden zu vermeiden. Damit helfen Sie Kunden sofort.<\/p>\n<p><\/p>\n\n<\/div>\t\t\t\t\t\t<\/div>\n\t\t\t\t<\/div>\n\t\t\t\t\t<\/div>\n\t\t<\/div>\n\t\t\t\t\t<\/div>\n\t\t<\/section>\n\t\t\t\t<section class=\"elementor-section elementor-top-section elementor-element elementor-element-3e48516 elementor-section-boxed elementor-section-height-default elementor-section-height-default\" data-id=\"3e48516\" data-element_type=\"section\">\n\t\t\t\t\t\t<div class=\"elementor-container elementor-column-gap-default\">\n\t\t\t\t\t<div class=\"elementor-column elementor-col-100 elementor-top-column elementor-element elementor-element-7688b9f\" data-id=\"7688b9f\" data-element_type=\"column\">\n\t\t\t<div class=\"elementor-widget-wrap elementor-element-populated\">\n\t\t\t\t\t\t<div class=\"elementor-element elementor-element-0a789e8 elementor-invisible elementor-widget elementor-widget-button\" data-id=\"0a789e8\" data-element_type=\"widget\" data-settings=\"{&quot;_animation&quot;:&quot;fadeInRight&quot;}\" data-widget_type=\"button.default\">\n\t\t\t\t<div class=\"elementor-widget-container\">\n\t\t\t\t\t<div class=\"elementor-button-wrapper\">\n\t\t\t<a class=\"elementor-button elementor-button-link elementor-size-sm\" href=\"https:\/\/aetrex-europe.com\/de\/\">\n\t\t\t\t\t\t<span class=\"elementor-button-content-wrapper\">\n\t\t\t\t\t\t<span class=\"elementor-button-icon\">\n\t\t\t\t<i aria-hidden=\"true\" class=\"fas fa-arrow-left\"><\/i>\t\t\t<\/span>\n\t\t\t\t\t\t\t\t\t<span class=\"elementor-button-text\"> Geh zur\u00fcck<\/span>\n\t\t\t\t\t<\/span>\n\t\t\t\t\t<\/a>\n\t\t<\/div>\n\t\t\t\t<\/div>\n\t\t\t\t<\/div>\n\t\t\t\t\t<\/div>\n\t\t<\/div>\n\t\t\t\t\t<\/div>\n\t\t<\/section>\n\t\t\t\t<\/div>","protected":false},"excerpt":{"rendered":"<p>https:\/\/aetrex-europe.com\/wp-content\/uploads\/2021\/03\/2103576976.mp4#t=10 Voetscanners Assortiment Voetscanners Digitale voetmeting in de schoenenwinkel draagt in hoge mate bij aan de winkelbeleving die consumenten ervaren. Aetrex biedt verschillende scanners. Verschillend in meting, technologie, design en prijs. Alle voetscanners zijn ontwikkeld voor een retailomgeving en gericht op verbetering van de consumentervaring en het cre\u00ebren van verkoopkansen. Een scan leidt immers tot [&hellip;]<\/p>\n","protected":false},"author":3,"featured_media":0,"parent":18,"menu_order":0,"comment_status":"closed","ping_status":"closed","template":"elementor_header_footer","meta":[],"_links":{"self":[{"href":"https:\/\/aetrex-europe.com\/de\/wp-json\/wp\/v2\/pages\/24"}],"collection":[{"href":"https:\/\/aetrex-europe.com\/de\/wp-json\/wp\/v2\/pages"}],"about":[{"href":"https:\/\/aetrex-europe.com\/de\/wp-json\/wp\/v2\/types\/page"}],"author":[{"embeddable":true,"href":"https:\/\/aetrex-europe.com\/de\/wp-json\/wp\/v2\/users\/3"}],"replies":[{"embeddable":true,"href":"https:\/\/aetrex-europe.com\/de\/wp-json\/wp\/v2\/comments?post=24"}],"version-history":[{"count":230,"href":"https:\/\/aetrex-europe.com\/de\/wp-json\/wp\/v2\/pages\/24\/revisions"}],"predecessor-version":[{"id":1913,"href":"https:\/\/aetrex-europe.com\/de\/wp-json\/wp\/v2\/pages\/24\/revisions\/1913"}],"up":[{"embeddable":true,"href":"https:\/\/aetrex-europe.com\/de\/wp-json\/wp\/v2\/pages\/18"}],"wp:attachment":[{"href":"https:\/\/aetrex-europe.com\/de\/wp-json\/wp\/v2\/media?parent=24"}],"curies":[{"name":"wp","href":"https:\/\/api.w.org\/{rel}","templated":true}]}}