{"id":22,"date":"2021-01-28T17:08:09","date_gmt":"2021-01-28T16:08:09","guid":{"rendered":"http:\/\/aetrex-europe.com\/?page_id=22"},"modified":"2021-03-16T15:52:33","modified_gmt":"2021-03-16T14:52:33","slug":"nieuws","status":"publish","type":"page","link":"https:\/\/aetrex-europe.com\/de\/nieuws\/","title":{"rendered":"Nachrichten"},"content":{"rendered":"<div data-elementor-type=\"wp-page\" data-elementor-id=\"22\" class=\"elementor elementor-22\" data-elementor-post-type=\"page\">\n\t\t\t\t\t\t<section class=\"elementor-section elementor-top-section elementor-element elementor-element-387dd67 elementor-section-boxed elementor-section-height-default elementor-section-height-default\" data-id=\"387dd67\" data-element_type=\"section\">\n\t\t\t\t\t\t\t<div class=\"elementor-background-overlay\"><\/div>\n\t\t\t\t\t\t\t<div class=\"elementor-container elementor-column-gap-default\">\n\t\t\t\t\t<div class=\"elementor-column elementor-col-100 elementor-top-column elementor-element elementor-element-3e72b0c\" data-id=\"3e72b0c\" data-element_type=\"column\" data-settings=\"{&quot;background_background&quot;:&quot;classic&quot;}\">\n\t\t\t<div class=\"elementor-widget-wrap elementor-element-populated\">\n\t\t\t\t\t\t<div class=\"elementor-element elementor-element-80ca293 elementor-invisible elementor-widget elementor-widget-heading\" data-id=\"80ca293\" data-element_type=\"widget\" data-settings=\"{&quot;_animation&quot;:&quot;fadeInDown&quot;}\" data-widget_type=\"heading.default\">\n\t\t\t\t<div class=\"elementor-widget-container\">\n\t\t\t<h2 class=\"elementor-heading-title elementor-size-xxl\">Nachrichten<\/h2>\t\t<\/div>\n\t\t\t\t<\/div>\n\t\t\t\t\t<\/div>\n\t\t<\/div>\n\t\t\t\t\t<\/div>\n\t\t<\/section>\n\t\t\t\t<section class=\"elementor-section elementor-top-section elementor-element elementor-element-d38e917 elementor-section-boxed elementor-section-height-default elementor-section-height-default elementor-invisible\" data-id=\"d38e917\" data-element_type=\"section\" data-settings=\"{&quot;animation&quot;:&quot;fadeIn&quot;,&quot;background_background&quot;:&quot;classic&quot;}\">\n\t\t\t\t\t\t<div class=\"elementor-container elementor-column-gap-default\">\n\t\t\t\t\t<div class=\"elementor-column elementor-col-100 elementor-top-column elementor-element elementor-element-5ba9629\" data-id=\"5ba9629\" data-element_type=\"column\">\n\t\t\t<div class=\"elementor-widget-wrap elementor-element-populated\">\n\t\t\t\t\t\t<div class=\"elementor-element elementor-element-a525865 animated-fast elementor-grid-3 elementor-grid-tablet-2 elementor-grid-mobile-1 elementor-posts--thumbnail-top elementor-invisible elementor-widget elementor-widget-posts\" data-id=\"a525865\" data-element_type=\"widget\" data-settings=\"{&quot;pagination_type&quot;:&quot;numbers&quot;,&quot;_animation&quot;:&quot;fadeInUp&quot;,&quot;classic_columns&quot;:&quot;3&quot;,&quot;classic_columns_tablet&quot;:&quot;2&quot;,&quot;classic_columns_mobile&quot;:&quot;1&quot;,&quot;classic_row_gap&quot;:{&quot;unit&quot;:&quot;px&quot;,&quot;size&quot;:35,&quot;sizes&quot;:[]},&quot;classic_row_gap_tablet&quot;:{&quot;unit&quot;:&quot;px&quot;,&quot;size&quot;:&quot;&quot;,&quot;sizes&quot;:[]},&quot;classic_row_gap_mobile&quot;:{&quot;unit&quot;:&quot;px&quot;,&quot;size&quot;:&quot;&quot;,&quot;sizes&quot;:[]}}\" data-widget_type=\"posts.classic\">\n\t\t\t\t<div class=\"elementor-widget-container\">\n\t\t\t\t\t<div class=\"elementor-posts-container elementor-posts elementor-posts--skin-classic elementor-grid\">\n\t\t\t\t<article class=\"elementor-post elementor-grid-item post-155 post type-post status-publish format-standard has-post-thumbnail hentry category-uncategorized\">\n\t\t\t\t<a class=\"elementor-post__thumbnail__link\" href=\"https:\/\/aetrex-europe.com\/de\/niet-volgen-maar-leiden\/\" tabindex=\"-1\" >\n\t\t\t<div class=\"elementor-post__thumbnail\"><img width=\"300\" height=\"225\" src=\"https:\/\/aetrex-europe.com\/wp-content\/uploads\/2021\/01\/Picture-shop-BLW-website-300x225.jpg\" class=\"attachment-medium size-medium wp-image-1945\" alt=\"\" srcset=\"https:\/\/aetrex-europe.com\/wp-content\/uploads\/2021\/01\/Picture-shop-BLW-website-300x225.jpg 300w, https:\/\/aetrex-europe.com\/wp-content\/uploads\/2021\/01\/Picture-shop-BLW-website-1024x768.jpg 1024w, https:\/\/aetrex-europe.com\/wp-content\/uploads\/2021\/01\/Picture-shop-BLW-website-768x576.jpg 768w, https:\/\/aetrex-europe.com\/wp-content\/uploads\/2021\/01\/Picture-shop-BLW-website-1536x1152.jpg 1536w, https:\/\/aetrex-europe.com\/wp-content\/uploads\/2021\/01\/Picture-shop-BLW-website-16x12.jpg 16w, https:\/\/aetrex-europe.com\/wp-content\/uploads\/2021\/01\/Picture-shop-BLW-website.jpg 2016w\" sizes=\"(max-width: 300px) 100vw, 300px\" \/><\/div>\n\t\t<\/a>\n\t\t\t\t<div class=\"elementor-post__text\">\n\t\t\t\t<h3 class=\"elementor-post__title\">\n\t\t\t<a href=\"https:\/\/aetrex-europe.com\/de\/niet-volgen-maar-leiden\/\" >\n\t\t\t\tFolge nicht, sondern f\u00fchre\t\t\t<\/a>\n\t\t<\/h3>\n\t\t\t\t<div class=\"elementor-post__excerpt\">\n\t\t\t<p>&#039;Nicht folgen, sondern f\u00fchren&#039; &#039;Dieses Credo brachte uns dorthin, wo wir heute sind. Schuhfachgesch\u00e4fte unter dem Namen &#039;Beterlopenwinkel&#039;. Ich glaube an Concept Stores, worauf es ankommt<\/p>\n\t\t<\/div>\n\t\t\n\t\t<a class=\"elementor-post__read-more\" href=\"https:\/\/aetrex-europe.com\/de\/niet-volgen-maar-leiden\/\" aria-label=\"Read more about Niet volgen maar leiden\" tabindex=\"-1\" >\n\t\t\tWeiterlesen \u00bb\t\t<\/a>\n\n\t\t\t\t<\/div>\n\t\t\t\t<\/article>\n\t\t\t\t<article class=\"elementor-post elementor-grid-item post-159 post type-post status-publish format-standard has-post-thumbnail hentry category-uncategorized\">\n\t\t\t\t<a class=\"elementor-post__thumbnail__link\" href=\"https:\/\/aetrex-europe.com\/de\/hardlopers-hebben-baat-bij-op-scan-afgestemde-inlegzolen\/\" tabindex=\"-1\" >\n\t\t\t<div class=\"elementor-post__thumbnail\"><img loading=\"lazy\" width=\"300\" height=\"170\" src=\"https:\/\/aetrex-europe.com\/wp-content\/uploads\/2021\/01\/FB_IMG_1551678877801-2-300x170.jpg\" class=\"attachment-medium size-medium wp-image-160\" alt=\"\" srcset=\"https:\/\/aetrex-europe.com\/wp-content\/uploads\/2021\/01\/FB_IMG_1551678877801-2-300x170.jpg 300w, https:\/\/aetrex-europe.com\/wp-content\/uploads\/2021\/01\/FB_IMG_1551678877801-2-768x434.jpg 768w, https:\/\/aetrex-europe.com\/wp-content\/uploads\/2021\/01\/FB_IMG_1551678877801-2-18x10.jpg 18w, https:\/\/aetrex-europe.com\/wp-content\/uploads\/2021\/01\/FB_IMG_1551678877801-2.jpg 800w\" sizes=\"(max-width: 300px) 100vw, 300px\" \/><\/div>\n\t\t<\/a>\n\t\t\t\t<div class=\"elementor-post__text\">\n\t\t\t\t<h3 class=\"elementor-post__title\">\n\t\t\t<a href=\"https:\/\/aetrex-europe.com\/de\/hardlopers-hebben-baat-bij-op-scan-afgestemde-inlegzolen\/\" >\n\t\t\t\tL\u00e4ufer profitieren von Scan-abgestimmten Einlegesohlen\t\t\t<\/a>\n\t\t<\/h3>\n\t\t\t\t<div class=\"elementor-post__excerpt\">\n\t\t\t<p>Eine k\u00fcrzlich von der Boston University im Auftrag von Aetrex durchgef\u00fchrte wissenschaftliche Pilotstudie hat gezeigt, dass L\u00e4ufer von Einlegesohlen profitieren. Diese stimmten mit den Computerergebnissen \u00fcberein<\/p>\n\t\t<\/div>\n\t\t\n\t\t<a class=\"elementor-post__read-more\" href=\"https:\/\/aetrex-europe.com\/de\/hardlopers-hebben-baat-bij-op-scan-afgestemde-inlegzolen\/\" aria-label=\"Read more about Hardlopers hebben baat bij op scan afgestemde inlegzolen\" tabindex=\"-1\" >\n\t\t\tWeiterlesen \u00bb\t\t<\/a>\n\n\t\t\t\t<\/div>\n\t\t\t\t<\/article>\n\t\t\t\t<article class=\"elementor-post elementor-grid-item post-1455 post type-post status-publish format-standard has-post-thumbnail hentry category-uncategorized\">\n\t\t\t\t<a class=\"elementor-post__thumbnail__link\" href=\"https:\/\/aetrex-europe.com\/de\/story-of-albert-2\/\" tabindex=\"-1\" >\n\t\t\t<div class=\"elementor-post__thumbnail\"><img loading=\"lazy\" width=\"300\" height=\"161\" src=\"https:\/\/aetrex-europe.com\/wp-content\/uploads\/2021\/02\/albert_scanner_open-300x161.jpg\" class=\"attachment-medium size-medium wp-image-1423\" alt=\"\" srcset=\"https:\/\/aetrex-europe.com\/wp-content\/uploads\/2021\/02\/albert_scanner_open-300x161.jpg 300w, https:\/\/aetrex-europe.com\/wp-content\/uploads\/2021\/02\/albert_scanner_open-18x10.jpg 18w, https:\/\/aetrex-europe.com\/wp-content\/uploads\/2021\/02\/albert_scanner_open.jpg 600w\" sizes=\"(max-width: 300px) 100vw, 300px\" \/><\/div>\n\t\t<\/a>\n\t\t\t\t<div class=\"elementor-post__text\">\n\t\t\t\t<h3 class=\"elementor-post__title\">\n\t\t\t<a href=\"https:\/\/aetrex-europe.com\/de\/story-of-albert-2\/\" >\n\t\t\t\tGeschichte von Albert 2\t\t\t<\/a>\n\t\t<\/h3>\n\t\t\t\t<div class=\"elementor-post__excerpt\">\n\t\t\t<p>Albert 2 ist ein vollst\u00e4ndig integriertes Fu\u00dfscansystem, mit dem Kunden die richtigen Schuhe und Orthesen finden und ein besseres Kundenerlebnis bieten k\u00f6nnen<\/p>\n\t\t<\/div>\n\t\t\n\t\t<a class=\"elementor-post__read-more\" href=\"https:\/\/aetrex-europe.com\/de\/story-of-albert-2\/\" aria-label=\"Read more about Story of Albert 2\" tabindex=\"-1\" >\n\t\t\tWeiterlesen \u00bb\t\t<\/a>\n\n\t\t\t\t<\/div>\n\t\t\t\t<\/article>\n\t\t\t\t<article class=\"elementor-post elementor-grid-item post-1779 post type-post status-publish format-standard has-post-thumbnail hentry category-uncategorized\">\n\t\t\t\t<a class=\"elementor-post__thumbnail__link\" href=\"https:\/\/aetrex-europe.com\/de\/and-the-award-goes-tothe-albert-2\/\" tabindex=\"-1\" >\n\t\t\t<div class=\"elementor-post__thumbnail\"><img loading=\"lazy\" width=\"300\" height=\"169\" src=\"https:\/\/aetrex-europe.com\/wp-content\/uploads\/2021\/03\/thumbnail_Albert-2-300x169.png\" class=\"attachment-medium size-medium wp-image-1728\" alt=\"\" srcset=\"https:\/\/aetrex-europe.com\/wp-content\/uploads\/2021\/03\/thumbnail_Albert-2-300x169.png 300w, https:\/\/aetrex-europe.com\/wp-content\/uploads\/2021\/03\/thumbnail_Albert-2-1024x576.png 1024w, https:\/\/aetrex-europe.com\/wp-content\/uploads\/2021\/03\/thumbnail_Albert-2-768x432.png 768w, https:\/\/aetrex-europe.com\/wp-content\/uploads\/2021\/03\/thumbnail_Albert-2-18x10.png 18w, https:\/\/aetrex-europe.com\/wp-content\/uploads\/2021\/03\/thumbnail_Albert-2-16x9.png 16w, https:\/\/aetrex-europe.com\/wp-content\/uploads\/2021\/03\/thumbnail_Albert-2.png 1280w\" sizes=\"(max-width: 300px) 100vw, 300px\" \/><\/div>\n\t\t<\/a>\n\t\t\t\t<div class=\"elementor-post__text\">\n\t\t\t\t<h3 class=\"elementor-post__title\">\n\t\t\t<a href=\"https:\/\/aetrex-europe.com\/de\/and-the-award-goes-tothe-albert-2\/\" >\n\t\t\t\tUnd der Preis geht an\u2026 den Albert 2\t\t\t<\/a>\n\t\t<\/h3>\n\t\t\t\t<div class=\"elementor-post__excerpt\">\n\t\t\t<p>Matt Schwartz, Executive Vice President Sales bei Aetrex. Die Amerikaner zogen in die Natur, um sich zu bewegen und beruhigt zu sein, w\u00e4hrend die Pandemie andauerte<\/p>\n\t\t<\/div>\n\t\t\n\t\t<a class=\"elementor-post__read-more\" href=\"https:\/\/aetrex-europe.com\/de\/and-the-award-goes-tothe-albert-2\/\" aria-label=\"Read more about And the Award Goes to\u2026the Albert 2\" tabindex=\"-1\" >\n\t\t\tWeiterlesen \u00bb\t\t<\/a>\n\n\t\t\t\t<\/div>\n\t\t\t\t<\/article>\n\t\t\t\t<\/div>\n\t\t\n\t\t\t\t<\/div>\n\t\t\t\t<\/div>\n\t\t\t\t\t<\/div>\n\t\t<\/div>\n\t\t\t\t\t<\/div>\n\t\t<\/section>\n\t\t\t\t<\/div>","protected":false},"excerpt":{"rendered":"<p>Nachrichten<\/p>","protected":false},"author":3,"featured_media":0,"parent":0,"menu_order":0,"comment_status":"closed","ping_status":"closed","template":"elementor_header_footer","meta":[],"_links":{"self":[{"href":"https:\/\/aetrex-europe.com\/de\/wp-json\/wp\/v2\/pages\/22"}],"collection":[{"href":"https:\/\/aetrex-europe.com\/de\/wp-json\/wp\/v2\/pages"}],"about":[{"href":"https:\/\/aetrex-europe.com\/de\/wp-json\/wp\/v2\/types\/page"}],"author":[{"embeddable":true,"href":"https:\/\/aetrex-europe.com\/de\/wp-json\/wp\/v2\/users\/3"}],"replies":[{"embeddable":true,"href":"https:\/\/aetrex-europe.com\/de\/wp-json\/wp\/v2\/comments?post=22"}],"version-history":[{"count":58,"href":"https:\/\/aetrex-europe.com\/de\/wp-json\/wp\/v2\/pages\/22\/revisions"}],"predecessor-version":[{"id":1616,"href":"https:\/\/aetrex-europe.com\/de\/wp-json\/wp\/v2\/pages\/22\/revisions\/1616"}],"wp:attachment":[{"href":"https:\/\/aetrex-europe.com\/de\/wp-json\/wp\/v2\/media?parent=22"}],"curies":[{"name":"wp","href":"https:\/\/api.w.org\/{rel}","templated":true}]}}