{"id":18,"date":"2021-01-28T17:07:23","date_gmt":"2021-01-28T16:07:23","guid":{"rendered":"http:\/\/aetrex-europe.com\/?page_id=18"},"modified":"2021-07-13T13:37:36","modified_gmt":"2021-07-13T11:37:36","slug":"producten","status":"publish","type":"page","link":"https:\/\/aetrex-europe.com\/de\/producten\/","title":{"rendered":"Produkte"},"content":{"rendered":"<div data-elementor-type=\"wp-page\" data-elementor-id=\"18\" class=\"elementor elementor-18\" data-elementor-post-type=\"page\">\n\t\t\t\t\t\t<section class=\"elementor-section elementor-top-section elementor-element elementor-element-95b4249 elementor-section-full_width elementor-section-height-default elementor-section-height-default elementor-invisible\" data-id=\"95b4249\" data-element_type=\"section\" data-settings=\"{&quot;background_background&quot;:&quot;classic&quot;,&quot;animation&quot;:&quot;fadeInDown&quot;}\">\n\t\t\t\t\t\t\t<div class=\"elementor-background-overlay\"><\/div>\n\t\t\t\t\t\t\t<div class=\"elementor-container elementor-column-gap-default\">\n\t\t\t\t\t<div class=\"elementor-column elementor-col-100 elementor-top-column elementor-element elementor-element-8c05da6\" data-id=\"8c05da6\" data-element_type=\"column\" data-settings=\"{&quot;background_background&quot;:&quot;classic&quot;}\">\n\t\t\t<div class=\"elementor-widget-wrap\">\n\t\t\t\t\t<div class=\"elementor-background-overlay\"><\/div>\n\t\t\t\t\t\t\t<\/div>\n\t\t<\/div>\n\t\t\t\t\t<\/div>\n\t\t<\/section>\n\t\t\t\t<section class=\"elementor-section elementor-top-section elementor-element elementor-element-74c07b34 elementor-section-boxed elementor-section-height-default elementor-section-height-default elementor-invisible\" data-id=\"74c07b34\" data-element_type=\"section\" data-settings=\"{&quot;animation&quot;:&quot;fadeInUp&quot;,&quot;animation_delay&quot;:600}\">\n\t\t\t\t\t\t<div class=\"elementor-container elementor-column-gap-default\">\n\t\t\t\t\t<div class=\"elementor-column elementor-col-100 elementor-top-column elementor-element elementor-element-29cbf0e8\" data-id=\"29cbf0e8\" data-element_type=\"column\">\n\t\t\t<div class=\"elementor-widget-wrap elementor-element-populated\">\n\t\t\t\t\t\t<div class=\"elementor-element elementor-element-1af7c133 elementor-widget elementor-widget-heading\" data-id=\"1af7c133\" data-element_type=\"widget\" data-widget_type=\"heading.default\">\n\t\t\t\t<div class=\"elementor-widget-container\">\n\t\t\t<h1 class=\"elementor-heading-title elementor-size-default\">Produkte<\/h1>\t\t<\/div>\n\t\t\t\t<\/div>\n\t\t\t\t\t<\/div>\n\t\t<\/div>\n\t\t\t\t\t<\/div>\n\t\t<\/section>\n\t\t\t\t<section class=\"elementor-section elementor-top-section elementor-element elementor-element-d38c6cf elementor-section-boxed elementor-section-height-default elementor-section-height-default elementor-invisible\" data-id=\"d38c6cf\" data-element_type=\"section\" data-settings=\"{&quot;animation&quot;:&quot;fadeInUp&quot;}\">\n\t\t\t\t\t\t<div class=\"elementor-container elementor-column-gap-default\">\n\t\t\t\t\t<div class=\"elementor-column elementor-col-100 elementor-top-column elementor-element elementor-element-bf91aad\" data-id=\"bf91aad\" data-element_type=\"column\">\n\t\t\t<div class=\"elementor-widget-wrap elementor-element-populated\">\n\t\t\t\t\t\t<div class=\"elementor-element elementor-element-4164bc5 elementor-widget elementor-widget-heading\" data-id=\"4164bc5\" data-element_type=\"widget\" data-widget_type=\"heading.default\">\n\t\t\t\t<div class=\"elementor-widget-container\">\n\t\t\t<h1 class=\"elementor-heading-title elementor-size-default\">Fu\u00dfscan als Basis\n<\/h1>\t\t<\/div>\n\t\t\t\t<\/div>\n\t\t\t\t<div class=\"elementor-element elementor-element-9a1d44c elementor-widget elementor-widget-text-editor\" data-id=\"9a1d44c\" data-element_type=\"widget\" data-widget_type=\"text-editor.default\">\n\t\t\t\t<div class=\"elementor-widget-container\">\n\t\t\t\t\t\t\t<p>Sind Sie Eigent\u00fcmer, Manager oder K\u00e4ufer eines Schuhgesch\u00e4fts, eines Sportgesch\u00e4fts, einer Schuhkette oder einer Schuheinkaufsorganisation? Dann haben Sie die Herausforderung, Verbraucher dazu zu verleiten, Ihr physisches Gesch\u00e4ft zu besuchen. Mit Erfahrung und Aufmerksamkeit, die sie nicht online erhalten. Fu\u00dfscanner von Aetrex sind jetzt einer dieser Indoor-L\u00e4ufer. Diese liefern blitzschnell eine enorme Menge an Informationen, die in einem pers\u00f6nlichen Fu\u00dfpass aufgezeichnet sind. Ihre Beratung wird individuell angepasst, der Service wird (noch) besser, Ihre Kunden werden regelm\u00e4\u00dfig zur\u00fcckkehren und treue Botschafter werden. Das gibt Zufriedenheit und eine steigende Rendite. schaue auf die <a href=\"\/de\/producten\/voetscanners\/\">Aetrex Fu\u00dfscanner<\/a>, was sie k\u00f6nnen und vor allem was sie dir bringen werden.<\/p>\t\t\t\t\t\t<\/div>\n\t\t\t\t<\/div>\n\t\t\t\t<section class=\"elementor-section elementor-inner-section elementor-element elementor-element-6b4d62e elementor-section-boxed elementor-section-height-default elementor-section-height-default\" data-id=\"6b4d62e\" data-element_type=\"section\">\n\t\t\t\t\t\t<div class=\"elementor-container elementor-column-gap-default\">\n\t\t\t\t\t<div class=\"elementor-column elementor-col-50 elementor-inner-column elementor-element elementor-element-479cc55\" data-id=\"479cc55\" data-element_type=\"column\">\n\t\t\t<div class=\"elementor-widget-wrap elementor-element-populated\">\n\t\t\t\t\t\t<div class=\"elementor-element elementor-element-3a802bf elementor-widget elementor-widget-heading\" data-id=\"3a802bf\" data-element_type=\"widget\" data-widget_type=\"heading.default\">\n\t\t\t\t<div class=\"elementor-widget-container\">\n\t\t\t<h3 class=\"elementor-heading-title elementor-size-default\">Lynco Einlegesohlen\n<\/h3>\t\t<\/div>\n\t\t\t\t<\/div>\n\t\t\t\t<div class=\"elementor-element elementor-element-533b0ec elementor-widget elementor-widget-image\" data-id=\"533b0ec\" data-element_type=\"widget\" data-widget_type=\"image.default\">\n\t\t\t\t<div class=\"elementor-widget-container\">\n\t\t\t\t\t\t\t\t\t\t\t\t\t<img fetchpriority=\"high\" width=\"725\" height=\"453\" src=\"https:\/\/aetrex-europe.com\/wp-content\/uploads\/2021\/02\/thumbnail_GenericOrthotic_email.jpg\" class=\"attachment-large size-large wp-image-1715\" alt=\"\" srcset=\"https:\/\/aetrex-europe.com\/wp-content\/uploads\/2021\/02\/thumbnail_GenericOrthotic_email.jpg 725w, https:\/\/aetrex-europe.com\/wp-content\/uploads\/2021\/02\/thumbnail_GenericOrthotic_email-300x187.jpg 300w, https:\/\/aetrex-europe.com\/wp-content\/uploads\/2021\/02\/thumbnail_GenericOrthotic_email-18x12.jpg 18w, https:\/\/aetrex-europe.com\/wp-content\/uploads\/2021\/02\/thumbnail_GenericOrthotic_email-16x10.jpg 16w\" sizes=\"(max-width: 725px) 100vw, 725px\" \/>\t\t\t\t\t\t\t\t\t\t\t\t\t<\/div>\n\t\t\t\t<\/div>\n\t\t\t\t<div class=\"elementor-element elementor-element-9b55bb9 elementor-widget elementor-widget-text-editor\" data-id=\"9b55bb9\" data-element_type=\"widget\" data-widget_type=\"text-editor.default\">\n\t\t\t\t<div class=\"elementor-widget-container\">\n\t\t\t\t\t\t\t<p>Jeder Fu\u00df ist ein Unikat, ein universeller Schuh. Eine Innensohle, die mit genauen Scaninformationen der Aetrex-Fu\u00dfscanner ausgew\u00e4hlt wurde, macht Universalschuhe ma\u00dfgeschneidert und bequem. Sie empfehlen den perfekten Schuh, den ...<\/p>\t\t\t\t\t\t<\/div>\n\t\t\t\t<\/div>\n\t\t\t\t<div class=\"elementor-element elementor-element-ca64af5 elementor-widget elementor-widget-button\" data-id=\"ca64af5\" data-element_type=\"widget\" data-widget_type=\"button.default\">\n\t\t\t\t<div class=\"elementor-widget-container\">\n\t\t\t\t\t<div class=\"elementor-button-wrapper\">\n\t\t\t<a class=\"elementor-button elementor-button-link elementor-size-xs\" href=\"https:\/\/aetrex-europe.com\/de\/producten\/lynco-inlegzolen\/\">\n\t\t\t\t\t\t<span class=\"elementor-button-content-wrapper\">\n\t\t\t\t\t\t\t\t\t<span class=\"elementor-button-text\">Mehr Informationen<\/span>\n\t\t\t\t\t<\/span>\n\t\t\t\t\t<\/a>\n\t\t<\/div>\n\t\t\t\t<\/div>\n\t\t\t\t<\/div>\n\t\t\t\t\t<\/div>\n\t\t<\/div>\n\t\t\t\t<div class=\"elementor-column elementor-col-50 elementor-inner-column elementor-element elementor-element-3d51f6f\" data-id=\"3d51f6f\" data-element_type=\"column\">\n\t\t\t<div class=\"elementor-widget-wrap elementor-element-populated\">\n\t\t\t\t\t\t<div class=\"elementor-element elementor-element-5f221c8 elementor-widget elementor-widget-heading\" data-id=\"5f221c8\" data-element_type=\"widget\" data-widget_type=\"heading.default\">\n\t\t\t\t<div class=\"elementor-widget-container\">\n\t\t\t<h3 class=\"elementor-heading-title elementor-size-default\">Lynco dreht sich um\n<\/h3>\t\t<\/div>\n\t\t\t\t<\/div>\n\t\t\t\t<div class=\"elementor-element elementor-element-0a0db6d elementor-widget elementor-widget-image\" data-id=\"0a0db6d\" data-element_type=\"widget\" data-widget_type=\"image.default\">\n\t\t\t\t<div class=\"elementor-widget-container\">\n\t\t\t\t\t\t\t\t\t\t\t\t\t<img width=\"300\" height=\"300\" src=\"https:\/\/aetrex-europe.com\/wp-content\/uploads\/2021\/02\/thumbnail_L3000W_IG.jpg\" class=\"attachment-large size-large wp-image-1675\" alt=\"\" srcset=\"https:\/\/aetrex-europe.com\/wp-content\/uploads\/2021\/02\/thumbnail_L3000W_IG.jpg 300w, https:\/\/aetrex-europe.com\/wp-content\/uploads\/2021\/02\/thumbnail_L3000W_IG-150x150.jpg 150w, https:\/\/aetrex-europe.com\/wp-content\/uploads\/2021\/02\/thumbnail_L3000W_IG-12x12.jpg 12w\" sizes=\"(max-width: 300px) 100vw, 300px\" \/>\t\t\t\t\t\t\t\t\t\t\t\t\t<\/div>\n\t\t\t\t<\/div>\n\t\t\t\t<div class=\"elementor-element elementor-element-fc2f6f5 elementor-widget elementor-widget-text-editor\" data-id=\"fc2f6f5\" data-element_type=\"widget\" data-widget_type=\"text-editor.default\">\n\t\t\t\t<div class=\"elementor-widget-container\">\n\t\t\t\t\t\t\t<p>Aetrex Flips and Slides haben die Hauptmerkmale der Aetrex Orthesenlinie. Die Form ist in Bezug auf die Anatomie des Fu\u00dfes ausgerichtet, um D\u00e4mpfung und ...<\/p>\t\t\t\t\t\t<\/div>\n\t\t\t\t<\/div>\n\t\t\t\t<div class=\"elementor-element elementor-element-cb1fe67 elementor-widget elementor-widget-button\" data-id=\"cb1fe67\" data-element_type=\"widget\" data-widget_type=\"button.default\">\n\t\t\t\t<div class=\"elementor-widget-container\">\n\t\t\t\t\t<div class=\"elementor-button-wrapper\">\n\t\t\t<a class=\"elementor-button elementor-button-link elementor-size-xs\" href=\"https:\/\/aetrex-europe.com\/de\/producten\/lynco-flips\/\">\n\t\t\t\t\t\t<span class=\"elementor-button-content-wrapper\">\n\t\t\t\t\t\t\t\t\t<span class=\"elementor-button-text\">Mehr Informationen<\/span>\n\t\t\t\t\t<\/span>\n\t\t\t\t\t<\/a>\n\t\t<\/div>\n\t\t\t\t<\/div>\n\t\t\t\t<\/div>\n\t\t\t\t\t<\/div>\n\t\t<\/div>\n\t\t\t\t\t<\/div>\n\t\t<\/section>\n\t\t\t\t\t<\/div>\n\t\t<\/div>\n\t\t\t\t\t<\/div>\n\t\t<\/section>\n\t\t\t\t<\/div>","protected":false},"excerpt":{"rendered":"<p>Producten Voetscan als basis Bent u eigenaar, manager of inkoper van een schoenenwinkel, sportzaak, schoenenketen of schoeneninkooporganisatie? Dan heeft u de uitdaging consumenten te verleiden uw fysieke winkel te bezoeken. Met beleving en aandacht die zij online niet krijgen. Voetscanners van Aetrex zijn nu van die binnenlopers. Deze leveren razendsnel een enorme hoeveelheid informatie, vastgelegd [&hellip;]<\/p>\n","protected":false},"author":3,"featured_media":0,"parent":0,"menu_order":0,"comment_status":"closed","ping_status":"closed","template":"elementor_header_footer","meta":[],"_links":{"self":[{"href":"https:\/\/aetrex-europe.com\/de\/wp-json\/wp\/v2\/pages\/18"}],"collection":[{"href":"https:\/\/aetrex-europe.com\/de\/wp-json\/wp\/v2\/pages"}],"about":[{"href":"https:\/\/aetrex-europe.com\/de\/wp-json\/wp\/v2\/types\/page"}],"author":[{"embeddable":true,"href":"https:\/\/aetrex-europe.com\/de\/wp-json\/wp\/v2\/users\/3"}],"replies":[{"embeddable":true,"href":"https:\/\/aetrex-europe.com\/de\/wp-json\/wp\/v2\/comments?post=18"}],"version-history":[{"count":106,"href":"https:\/\/aetrex-europe.com\/de\/wp-json\/wp\/v2\/pages\/18\/revisions"}],"predecessor-version":[{"id":1940,"href":"https:\/\/aetrex-europe.com\/de\/wp-json\/wp\/v2\/pages\/18\/revisions\/1940"}],"wp:attachment":[{"href":"https:\/\/aetrex-europe.com\/de\/wp-json\/wp\/v2\/media?parent=18"}],"curies":[{"name":"wp","href":"https:\/\/api.w.org\/{rel}","templated":true}]}}