{"id":16,"date":"2021-01-28T16:54:50","date_gmt":"2021-01-28T15:54:50","guid":{"rendered":"http:\/\/aetrex-europe.com\/?page_id=16"},"modified":"2023-09-29T14:43:03","modified_gmt":"2023-09-29T12:43:03","slug":"over-aetrex","status":"publish","type":"page","link":"https:\/\/aetrex-europe.com\/de\/over-aetrex\/","title":{"rendered":"\u00dcber Aetrex"},"content":{"rendered":"<div data-elementor-type=\"wp-page\" data-elementor-id=\"16\" class=\"elementor elementor-16\" data-elementor-post-type=\"page\">\n\t\t\t\t\t\t<section class=\"elementor-section elementor-top-section elementor-element elementor-element-e41f281 elementor-section-boxed elementor-section-height-default elementor-section-height-default elementor-invisible\" data-id=\"e41f281\" data-element_type=\"section\" data-settings=\"{&quot;animation&quot;:&quot;fadeInUp&quot;}\">\n\t\t\t\t\t\t<div class=\"elementor-container elementor-column-gap-default\">\n\t\t\t\t\t<div class=\"elementor-column elementor-col-100 elementor-top-column elementor-element elementor-element-e9714eb\" data-id=\"e9714eb\" data-element_type=\"column\">\n\t\t\t<div class=\"elementor-widget-wrap elementor-element-populated\">\n\t\t\t\t\t\t<div class=\"elementor-element elementor-element-4156a3b elementor-widget elementor-widget-heading\" data-id=\"4156a3b\" data-element_type=\"widget\" data-widget_type=\"heading.default\">\n\t\t\t\t<div class=\"elementor-widget-container\">\n\t\t\t<h1 class=\"elementor-heading-title elementor-size-xxl\">\u00dcber Aetrex<\/h1>\t\t<\/div>\n\t\t\t\t<\/div>\n\t\t\t\t\t<\/div>\n\t\t<\/div>\n\t\t\t\t\t<\/div>\n\t\t<\/section>\n\t\t\t\t<section class=\"elementor-section elementor-top-section elementor-element elementor-element-1bf2b2a elementor-section-boxed elementor-section-height-default elementor-section-height-default elementor-invisible\" data-id=\"1bf2b2a\" data-element_type=\"section\" data-settings=\"{&quot;animation&quot;:&quot;fadeInUp&quot;}\">\n\t\t\t\t\t\t<div class=\"elementor-container elementor-column-gap-default\">\n\t\t\t\t\t<div class=\"elementor-column elementor-col-66 elementor-top-column elementor-element elementor-element-677a0be\" data-id=\"677a0be\" data-element_type=\"column\">\n\t\t\t<div class=\"elementor-widget-wrap elementor-element-populated\">\n\t\t\t\t\t\t<div class=\"elementor-element elementor-element-9968ada elementor-widget elementor-widget-text-editor\" data-id=\"9968ada\" data-element_type=\"widget\" data-widget_type=\"text-editor.default\">\n\t\t\t\t<div class=\"elementor-widget-container\">\n\t\t\t\t\t\t\t<p>Aetrex ist weltweit f\u00fchrend bei Fu\u00dfscannern und Einlegesohlen. Das Unternehmen wurde 1946 von Paul und Charles Schwartz gegr\u00fcndet und entwickelte und lieferte Bogenst\u00fctzen. Die Marke ist seit drei Generationen in Familienbesitz. Das Familienunternehmen strebt eine kontinuierliche Verbesserung des Fu\u00dfkomforts an.<\/p>\t\t\t\t\t\t<\/div>\n\t\t\t\t<\/div>\n\t\t\t\t\t<\/div>\n\t\t<\/div>\n\t\t\t\t<div class=\"elementor-column elementor-col-33 elementor-top-column elementor-element elementor-element-ea98c65\" data-id=\"ea98c65\" data-element_type=\"column\">\n\t\t\t<div class=\"elementor-widget-wrap elementor-element-populated\">\n\t\t\t\t\t\t<div class=\"elementor-element elementor-element-107277f elementor-widget elementor-widget-image\" data-id=\"107277f\" data-element_type=\"widget\" data-widget_type=\"image.default\">\n\t\t\t\t<div class=\"elementor-widget-container\">\n\t\t\t\t\t\t\t\t\t\t\t\t\t<img fetchpriority=\"high\" width=\"550\" height=\"546\" src=\"https:\/\/aetrex-europe.com\/wp-content\/uploads\/2021\/02\/Aetrex_kringloop_blauw.png\" class=\"attachment-full size-full wp-image-418\" alt=\"\" srcset=\"https:\/\/aetrex-europe.com\/wp-content\/uploads\/2021\/02\/Aetrex_kringloop_blauw.png 550w, https:\/\/aetrex-europe.com\/wp-content\/uploads\/2021\/02\/Aetrex_kringloop_blauw-300x298.png 300w, https:\/\/aetrex-europe.com\/wp-content\/uploads\/2021\/02\/Aetrex_kringloop_blauw-150x150.png 150w, https:\/\/aetrex-europe.com\/wp-content\/uploads\/2021\/02\/Aetrex_kringloop_blauw-12x12.png 12w\" sizes=\"(max-width: 550px) 100vw, 550px\" \/>\t\t\t\t\t\t\t\t\t\t\t\t\t<\/div>\n\t\t\t\t<\/div>\n\t\t\t\t\t<\/div>\n\t\t<\/div>\n\t\t\t\t\t<\/div>\n\t\t<\/section>\n\t\t\t\t<section class=\"elementor-section elementor-top-section elementor-element elementor-element-eede9d6 elementor-section-boxed elementor-section-height-default elementor-section-height-default elementor-invisible\" data-id=\"eede9d6\" data-element_type=\"section\" data-settings=\"{&quot;animation&quot;:&quot;fadeInUp&quot;}\">\n\t\t\t\t\t\t<div class=\"elementor-container elementor-column-gap-default\">\n\t\t\t\t\t<div class=\"elementor-column elementor-col-100 elementor-top-column elementor-element elementor-element-b39cf76\" data-id=\"b39cf76\" data-element_type=\"column\">\n\t\t\t<div class=\"elementor-widget-wrap elementor-element-populated\">\n\t\t\t\t\t\t<div class=\"elementor-element elementor-element-da8cc90 elementor-widget elementor-widget-heading\" data-id=\"da8cc90\" data-element_type=\"widget\" data-widget_type=\"heading.default\">\n\t\t\t\t<div class=\"elementor-widget-container\">\n\t\t\t<h3 class=\"elementor-heading-title elementor-size-default\">Weltweit f\u00fchrender Fu\u00dfscanner<\/h3>\t\t<\/div>\n\t\t\t\t<\/div>\n\t\t\t\t\t<\/div>\n\t\t<\/div>\n\t\t\t\t\t<\/div>\n\t\t<\/section>\n\t\t\t\t<section class=\"elementor-section elementor-top-section elementor-element elementor-element-a8fe5d8 elementor-section-boxed elementor-section-height-default elementor-section-height-default elementor-invisible\" data-id=\"a8fe5d8\" data-element_type=\"section\" data-settings=\"{&quot;animation&quot;:&quot;fadeInUp&quot;}\">\n\t\t\t\t\t\t<div class=\"elementor-container elementor-column-gap-default\">\n\t\t\t\t\t<div class=\"elementor-column elementor-col-100 elementor-top-column elementor-element elementor-element-ea565b3\" data-id=\"ea565b3\" data-element_type=\"column\">\n\t\t\t<div class=\"elementor-widget-wrap elementor-element-populated\">\n\t\t\t\t\t\t<div class=\"elementor-element elementor-element-43e23a0 elementor-widget elementor-widget-text-editor\" data-id=\"43e23a0\" data-element_type=\"widget\" data-widget_type=\"text-editor.default\">\n\t\t\t\t<div class=\"elementor-widget-container\">\n\t\t\t\t\t\t\t<section id=\"content\" class=\"pt-3 pb-3\"><div class=\"container\"><div class=\"row pb-5\"><div class=\"col-12\"><p>Aetrex wordt wereldwijd gedistribueerd. Aetrex Central Europe in Holten is exclusief importeur en leverancier voor Itali\u00eb, Frankrijk, DACH, de Benelux, GB. Achter de schermen werkt een team van toonaangevende hardware- en software-ingenieurs, programmeurs en ontwerpers aan het dagelijkse voetcomfort. Met slimme scanapparatuur, comfortabele en op maat gemaakte inlegzolen helpt Aetrex de schoenenindustrie vooruit.<\/p><p>Albert \u2122 ist der revolution\u00e4re 3D-Fu\u00dfscanner von Aetrex. Es bietet die umfassendste, genaueste und personalisierteste Fu\u00dfscan-Technologie, die derzeit verf\u00fcgbar ist. In weniger als einer Minute zeichnet der Fu\u00dfscanner eindeutige Informationen \u00fcber die F\u00fc\u00dfe des Benutzers auf. Die Informationen werden in einem pers\u00f6nlichen Fu\u00dfpass und einer Datenbank gespeichert. Diese wertvollen Informationen sind der Ausgangspunkt f\u00fcr Unternehmer in der Schuhindustrie f\u00fcr ein h\u00f6heres Serviceniveau, ma\u00dfgeschneiderte Beratung, geeignete Einlegesohlen und gezielte Marketingkampagnen.<\/p><p>Aetrex hat SOLS\u00ae Systems Inc. \u00fcbernommen. Over, Marktf\u00fchrer und Pionier von 3D-gedruckten Komfort-Einlegesohlen.<\/p><p>Aetrex Central Europe sorgt f\u00fcr hohe Qualit\u00e4t und Service und h\u00e4lt Sie auf dem Laufenden. 5 Verbesserungen versprechen wir Ihnen bei der Lieferung von Aetrex-Fu\u00dfscannern in Kombination mit Komfort-Einlegesohlen.<\/p><\/div><\/div><\/div><\/section><footer class=\"pt-5\"><div class=\"container\"><div class=\"row pb-1\"><div class=\"col-12 col-md-6 mb-5 pr-lg-5\">\u00a0<\/div><\/div><\/div><\/footer>\t\t\t\t\t\t<\/div>\n\t\t\t\t<\/div>\n\t\t\t\t\t<\/div>\n\t\t<\/div>\n\t\t\t\t\t<\/div>\n\t\t<\/section>\n\t\t\t\t<\/div>","protected":false},"excerpt":{"rendered":"<p>Over Aetrex Aetrex is wereldleider op het gebied van voetscanners en inlegzolen. Het bedrijf is in 1946 opgericht door Paul en Charles Schwartz en ontwikkelde en leverde steunzolen. Het merk is al drie generaties\u00a0 in handen van de familie. Het familiebedrijf streeft naar continue verbetering in voetcomfort. Wereldleider voetscanners Aetrex wordt wereldwijd gedistribueerd. Aetrex Central [&hellip;]<\/p>\n","protected":false},"author":3,"featured_media":0,"parent":0,"menu_order":0,"comment_status":"closed","ping_status":"closed","template":"elementor_header_footer","meta":[],"_links":{"self":[{"href":"https:\/\/aetrex-europe.com\/de\/wp-json\/wp\/v2\/pages\/16"}],"collection":[{"href":"https:\/\/aetrex-europe.com\/de\/wp-json\/wp\/v2\/pages"}],"about":[{"href":"https:\/\/aetrex-europe.com\/de\/wp-json\/wp\/v2\/types\/page"}],"author":[{"embeddable":true,"href":"https:\/\/aetrex-europe.com\/de\/wp-json\/wp\/v2\/users\/3"}],"replies":[{"embeddable":true,"href":"https:\/\/aetrex-europe.com\/de\/wp-json\/wp\/v2\/comments?post=16"}],"version-history":[{"count":73,"href":"https:\/\/aetrex-europe.com\/de\/wp-json\/wp\/v2\/pages\/16\/revisions"}],"predecessor-version":[{"id":1980,"href":"https:\/\/aetrex-europe.com\/de\/wp-json\/wp\/v2\/pages\/16\/revisions\/1980"}],"wp:attachment":[{"href":"https:\/\/aetrex-europe.com\/de\/wp-json\/wp\/v2\/media?parent=16"}],"curies":[{"name":"wp","href":"https:\/\/api.w.org\/{rel}","templated":true}]}}